{"id":19,"date":"2021-01-19T10:02:42","date_gmt":"2021-01-19T10:02:42","guid":{"rendered":"https:\/\/next-society.de\/?page_id=19"},"modified":"2021-01-19T10:05:06","modified_gmt":"2021-01-19T10:05:06","slug":"start","status":"publish","type":"page","link":"https:\/\/next-society.de\/en\/","title":{"rendered":"START"},"content":{"rendered":"<p>[et_pb_section fb_built=&#8221;1&#8243; custom_padding_last_edited=&#8221;on|phone&#8221; _builder_version=&#8221;4.7.7&#8243; background_enable_color=&#8221;off&#8221; background_image=&#8221;https:\/\/next-society.de\/wp-content\/uploads\/2021\/01\/ARE-YOU-ABOVE-OR-BELOW-THE-ALGORITHM_-6.png&#8221; background_position=&#8221;center_right&#8221; height_tablet=&#8221;&#8221; height_phone=&#8221;366px&#8221; height_last_edited=&#8221;on|phone&#8221; custom_margin=&#8221;||1px|-103px|false|false&#8221; custom_margin_tablet=&#8221;&#8221; custom_margin_phone=&#8221;||1px|0px|false|false&#8221; custom_margin_last_edited=&#8221;on|phone&#8221; custom_padding=&#8221;0px||8px||false|false&#8221; custom_padding_tablet=&#8221;15vh||15vh||true|false&#8221; custom_padding_phone=&#8221;13vh||13vh||true|false&#8221; scroll_scaling=&#8221;34|50|50|66|70|100|100&#8243; motion_trigger_start=&#8221;top&#8221; background_last_edited=&#8221;on|phone&#8221; background_image_phone=&#8221;https:\/\/next-society.de\/wp-content\/uploads\/2021\/01\/Kopie-von-ARE-YOU-ABOVE-OR-BELOW-THE-ALGORITHM_.png&#8221; background_enable_image_phone=&#8221;on&#8221; background_position_phone=&#8221;bottom_center&#8221; title_text_phone=&#8221;Kopie von ARE YOU ABOVE OR BELOW THE ALGORITHM_&#8221;][et_pb_row column_structure=&#8221;2_3,1_3&#8243; use_custom_gutter=&#8221;on&#8221; gutter_width=&#8221;2&#8243; make_equal=&#8221;on&#8221; _builder_version=&#8221;4.7.7&#8243; width_tablet=&#8221;90%&#8221; width_phone=&#8221;85%&#8221; width_last_edited=&#8221;on|desktop&#8221; max_width=&#8221;1240px&#8221; max_width_tablet=&#8221;90%&#8221; max_width_phone=&#8221;90%&#8221; max_width_last_edited=&#8221;on|tablet&#8221; custom_margin=&#8221;|auto|97px|236px|false|false&#8221; custom_margin_tablet=&#8221;&#8221; custom_margin_phone=&#8221;-5px|auto|79px|0px|false|false&#8221; custom_margin_last_edited=&#8221;on|desktop&#8221; custom_padding=&#8221;81px||27px||false|false&#8221; scroll_vertical_motion=&#8221;63|71|71|81|4|0|-4&#8243;][et_pb_column type=&#8221;2_3&#8243; _builder_version=&#8221;4.1&#8243; animation_style=&#8221;zoom&#8221;][et_pb_text _builder_version=&#8221;4.7.7&#8243; header_font=&#8221;Special Elite|600|||||||&#8221; header_text_color=&#8221;#000000&#8243; header_font_size=&#8221;32px&#8221; header_letter_spacing=&#8221;1px&#8221; header_line_height=&#8221;1.1em&#8221; custom_margin=&#8221;10px||||false|false&#8221; custom_margin_tablet=&#8221;&#8221; custom_margin_phone=&#8221;-55px|||37px|false|false&#8221; custom_margin_last_edited=&#8221;on|phone&#8221; header_font_size_tablet=&#8221;70px&#8221; header_font_size_phone=&#8221;23px&#8221; header_font_size_last_edited=&#8221;on|phone&#8221; header_letter_spacing_tablet=&#8221;-3px&#8221; header_letter_spacing_phone=&#8221;-1px&#8221; header_letter_spacing_last_edited=&#8221;on|phone&#8221;]<\/p>\n<h1>Die Zukunft hat schon begonnen.<\/h1>\n<h1>Nur noch nicht \u00fcberall.<\/h1>\n<p>[\/et_pb_text][\/et_pb_column][et_pb_column type=&#8221;1_3&#8243; _builder_version=&#8221;4.1&#8243; animation_style=&#8221;zoom&#8221;][\/et_pb_column][\/et_pb_row][\/et_pb_section][et_pb_section fb_built=&#8221;1&#8243; _builder_version=&#8221;4.7.7&#8243; background_color=&#8221;rgba(247,247,195,0.57)&#8221; custom_padding=&#8221;42px||42px||true|&#8221;][et_pb_row column_structure=&#8221;2_5,3_5&#8243; _builder_version=&#8221;3.25&#8243; custom_padding=&#8221;3px|0px||0px|false|false&#8221;][et_pb_column type=&#8221;2_5&#8243; _builder_version=&#8221;3.25&#8243; custom_padding=&#8221;|||&#8221; custom_padding__hover=&#8221;|||&#8221;][et_pb_text _builder_version=&#8221;4.7.7&#8243; header_font_size=&#8221;34px&#8221; header_2_font=&#8221;Special Elite|600|||||||&#8221; header_2_text_color=&#8221;#000000&#8243; header_2_font_size=&#8221;28px&#8221; header_2_letter_spacing=&#8221;1px&#8221; header_2_line_height=&#8221;1.4em&#8221; custom_margin=&#8221;31px||||false|false&#8221; custom_margin_tablet=&#8221;&#8221; custom_margin_phone=&#8221;-10px||||false|false&#8221; custom_margin_last_edited=&#8221;on|phone&#8221; header_2_font_size_tablet=&#8221;&#8221; header_2_font_size_phone=&#8221;23px&#8221; header_2_font_size_last_edited=&#8221;on|phone&#8221;]<\/p>\n<h2 style=\"text-align: left;\">Wer die L\u00f6sung hat,<\/h2>\n<h2 style=\"text-align: left;\">hat ein Problem.<\/h2>\n<p>[\/et_pb_text][\/et_pb_column][et_pb_column type=&#8221;3_5&#8243; _builder_version=&#8221;3.25&#8243; custom_padding=&#8221;|||&#8221; custom_padding__hover=&#8221;|||&#8221;][et_pb_text _builder_version=&#8221;4.7.7&#8243; text_font=&#8221;Special Elite||||||||&#8221; text_text_color=&#8221;#000000&#8243; text_font_size=&#8221;18px&#8221; text_letter_spacing=&#8221;1px&#8221; text_line_height=&#8221;1.6em&#8221; header_3_font=&#8221;Special Elite|600|||||||&#8221; header_3_text_align=&#8221;center&#8221; header_3_text_color=&#8221;#000000&#8243; header_3_line_height=&#8221;1.3em&#8221; text_orientation=&#8221;center&#8221; custom_margin=&#8221;14px|||||&#8221; custom_margin_tablet=&#8221;&#8221; custom_margin_phone=&#8221;0px||||false|false&#8221; custom_margin_last_edited=&#8221;on|phone&#8221; custom_padding=&#8221;11px||||false|false&#8221; custom_padding_tablet=&#8221;&#8221; custom_padding_phone=&#8221;0px||||false|false&#8221; custom_padding_last_edited=&#8221;on|phone&#8221; text_text_align=&#8221;center&#8221;]<\/p>\n<p style=\"text-align: left;\">Der R\u00fcckzug in die \u00dcberschaubarkeit geistiger und fachlicher Schreberg\u00e4rten ist nicht nur anstrengend, er kostet uns \u00fcber weite Strecken auch das, was die Zukunftsf\u00e4higkeit unserer Gesellschaft ausmacht. In einer digital vernetzten Welt verfl\u00fcchtigt sich die Sehnsucht nach einfachen L\u00f6sungen und eindeutigen Antworten zu einem Sirenengesang falscher Hoffnungen. Mehr denn je sind wir alle aufeinander angewiesen \u2013 trotz aller Unterschiede, die uns trennen.<\/p>\n<p>[\/et_pb_text][\/et_pb_column][\/et_pb_row][et_pb_row column_structure=&#8221;2_5,3_5&#8243; _builder_version=&#8221;4.7.7&#8243; custom_margin_tablet=&#8221;&#8221; custom_margin_phone=&#8221;21px||||false|false&#8221; custom_margin_last_edited=&#8221;on|phone&#8221; custom_padding=&#8221;3px|0px||0px|false|false&#8221;][et_pb_column type=&#8221;2_5&#8243; _builder_version=&#8221;3.25&#8243; custom_padding=&#8221;|||&#8221; custom_padding__hover=&#8221;|||&#8221;][et_pb_text _builder_version=&#8221;4.7.7&#8243; header_font_size=&#8221;34px&#8221; header_2_font=&#8221;Special Elite|600|||||||&#8221; header_2_text_color=&#8221;#000000&#8243; header_2_font_size=&#8221;28px&#8221; header_2_letter_spacing=&#8221;1px&#8221; header_2_line_height=&#8221;1.4em&#8221; custom_margin=&#8221;44px||||false|false&#8221; custom_margin_tablet=&#8221;&#8221; custom_margin_phone=&#8221;-10px||||false|false&#8221; custom_margin_last_edited=&#8221;on|phone&#8221; header_2_font_size_tablet=&#8221;&#8221; header_2_font_size_phone=&#8221;23px&#8221; header_2_font_size_last_edited=&#8221;on|phone&#8221;]<\/p>\n<h2 style=\"text-align: left;\">Vielfalt statt Einfalt.<\/h2>\n<p>[\/et_pb_text][\/et_pb_column][et_pb_column type=&#8221;3_5&#8243; _builder_version=&#8221;3.25&#8243; custom_padding=&#8221;|||&#8221; custom_padding__hover=&#8221;|||&#8221;][et_pb_text _builder_version=&#8221;4.7.7&#8243; text_font=&#8221;Special Elite||||||||&#8221; text_text_color=&#8221;#000000&#8243; text_font_size=&#8221;18px&#8221; text_letter_spacing=&#8221;1px&#8221; text_line_height=&#8221;1.6em&#8221; header_3_font=&#8221;Special Elite|600|||||||&#8221; header_3_text_align=&#8221;center&#8221; header_3_text_color=&#8221;#000000&#8243; header_3_line_height=&#8221;1.3em&#8221; text_orientation=&#8221;center&#8221; custom_margin=&#8221;14px|||||&#8221; custom_margin_tablet=&#8221;&#8221; custom_margin_phone=&#8221;0px||||false|false&#8221; custom_margin_last_edited=&#8221;on|phone&#8221; custom_padding=&#8221;11px||||false|false&#8221; custom_padding_tablet=&#8221;&#8221; custom_padding_phone=&#8221;0px||||false|false&#8221; custom_padding_last_edited=&#8221;on|phone&#8221; text_text_align=&#8221;center&#8221;]<\/p>\n<p style=\"text-align: left;\">Das ist keine Sozialromantik. Das Selbstgespr\u00e4ch, das wir uns durch den R\u00fcckzug in Filterblasen, Fangemeinschaften und Fachgremien einhandeln, beruhigt zwar unser Bed\u00fcrfnis nach Sicherheit, Orientierung und Zugeh\u00f6rigkeit. Aber es hilft uns nicht weiter, wenn es um die Arbeit an den gro\u00dfen Herausforderungen unserer Zeit geht. Klimawandel, Migration, der radikale Umbau unserer Arbeitswelt, die klaffende Schere zwischen Arm und Reich \u2013 all diese \u201e<em>wicked problems<\/em>\u201c entziehen sich einfachen L\u00f6sungen und sind im Alleingang nicht l\u00f6sbar. F\u00fcr niemanden.\u00a0<\/p>\n<p>[\/et_pb_text][\/et_pb_column][\/et_pb_row][et_pb_row column_structure=&#8221;2_5,3_5&#8243; _builder_version=&#8221;4.7.7&#8243; custom_margin_tablet=&#8221;&#8221; custom_margin_phone=&#8221;25px||||false|false&#8221; custom_margin_last_edited=&#8221;on|phone&#8221; custom_padding=&#8221;3px|0px||0px|false|false&#8221;][et_pb_column type=&#8221;2_5&#8243; _builder_version=&#8221;3.25&#8243; custom_padding=&#8221;|||&#8221; custom_padding__hover=&#8221;|||&#8221;][et_pb_text _builder_version=&#8221;4.7.7&#8243; header_font_size=&#8221;34px&#8221; header_2_font=&#8221;Special Elite|600|||||||&#8221; header_2_text_color=&#8221;#000000&#8243; header_2_font_size=&#8221;28px&#8221; header_2_letter_spacing=&#8221;1px&#8221; header_2_line_height=&#8221;1.4em&#8221; custom_margin=&#8221;43px||||false|false&#8221; custom_margin_tablet=&#8221;&#8221; custom_margin_phone=&#8221;-10px||||false|false&#8221; custom_margin_last_edited=&#8221;on|phone&#8221; header_2_font_size_tablet=&#8221;&#8221; header_2_font_size_phone=&#8221;23px&#8221; header_2_font_size_last_edited=&#8221;on|phone&#8221;]<\/p>\n<h2 style=\"text-align: left;\">Komplexit\u00e4t ist die L\u00f6sung.<\/h2>\n<h2 style=\"text-align: left;\">Nicht das Problem.<\/h2>\n<p>[\/et_pb_text][\/et_pb_column][et_pb_column type=&#8221;3_5&#8243; _builder_version=&#8221;3.25&#8243; custom_padding=&#8221;|||&#8221; custom_padding__hover=&#8221;|||&#8221;][et_pb_text _builder_version=&#8221;4.7.7&#8243; text_font=&#8221;Special Elite||||||||&#8221; text_text_color=&#8221;#000000&#8243; text_font_size=&#8221;18px&#8221; text_letter_spacing=&#8221;1px&#8221; text_line_height=&#8221;1.6em&#8221; header_3_font=&#8221;Special Elite|600|||||||&#8221; header_3_text_align=&#8221;center&#8221; header_3_text_color=&#8221;#000000&#8243; header_3_line_height=&#8221;1.3em&#8221; text_orientation=&#8221;center&#8221; custom_margin=&#8221;14px|||||&#8221; custom_margin_tablet=&#8221;&#8221; custom_margin_phone=&#8221;0px||||false|false&#8221; custom_margin_last_edited=&#8221;on|phone&#8221; custom_padding=&#8221;11px||||false|false&#8221; custom_padding_tablet=&#8221;&#8221; custom_padding_phone=&#8221;0px||||false|false&#8221; custom_padding_last_edited=&#8221;on|phone&#8221; text_text_align=&#8221;center&#8221;]<\/p>\n<p style=\"text-align: left;\">Was wir dazu brauchen, ist das Zusammenspiel unterschiedlicher Perspektiven. Dazu geh\u00f6rt die Offenheit, verschiedene Ansichten als gleich-wertig nebeneinander stehen zu lassen. Widerspr\u00fcche nicht als Bedrohung, sondern Bereicherung zu empfinden. In der Lage zu sein, die Welt aus unterschiedlichen Blickwinkeln zu betrachten und Verbindungen herzustellen.<\/p>\n<p style=\"text-align: left;\">Ohne Neugier und Lust an einer disziplin-\u00fcbergreifenden Auseinandersetzung werden wir nicht weit kommen. Unsere Welt ist zu klein geworden, um sich einfach aus dem Weg zu gehen.<\/p>\n<p>[\/et_pb_text][\/et_pb_column][\/et_pb_row][et_pb_row column_structure=&#8221;2_5,3_5&#8243; _builder_version=&#8221;4.7.7&#8243; custom_margin_tablet=&#8221;&#8221; custom_margin_phone=&#8221;25px||||false|false&#8221; custom_margin_last_edited=&#8221;on|phone&#8221; custom_padding=&#8221;3px|0px||0px|false|false&#8221;][et_pb_column type=&#8221;2_5&#8243; _builder_version=&#8221;3.25&#8243; custom_padding=&#8221;|||&#8221; custom_padding__hover=&#8221;|||&#8221;][et_pb_text _builder_version=&#8221;4.7.7&#8243; header_font_size=&#8221;34px&#8221; header_2_font=&#8221;Special Elite|600|||||||&#8221; header_2_text_color=&#8221;#000000&#8243; header_2_font_size=&#8221;28px&#8221; header_2_letter_spacing=&#8221;1px&#8221; header_2_line_height=&#8221;1.4em&#8221; custom_margin=&#8221;41px||||false|false&#8221; custom_margin_tablet=&#8221;&#8221; custom_margin_phone=&#8221;-10px||||false|false&#8221; custom_margin_last_edited=&#8221;on|phone&#8221; header_2_font_size_tablet=&#8221;&#8221; header_2_font_size_phone=&#8221;23px&#8221; header_2_font_size_last_edited=&#8221;on|phone&#8221;]<\/p>\n<h2 style=\"text-align: left;\">\u00dcberraschende Nachbarschaften.<\/h2>\n<p>[\/et_pb_text][\/et_pb_column][et_pb_column type=&#8221;3_5&#8243; _builder_version=&#8221;3.25&#8243; custom_padding=&#8221;|||&#8221; custom_padding__hover=&#8221;|||&#8221;][et_pb_text _builder_version=&#8221;4.7.7&#8243; text_font=&#8221;Special Elite||||||||&#8221; text_text_color=&#8221;#000000&#8243; text_font_size=&#8221;18px&#8221; text_letter_spacing=&#8221;1px&#8221; text_line_height=&#8221;1.6em&#8221; header_3_font=&#8221;Special Elite|600|||||||&#8221; header_3_text_align=&#8221;center&#8221; header_3_text_color=&#8221;#000000&#8243; header_3_line_height=&#8221;1.3em&#8221; text_orientation=&#8221;center&#8221; custom_margin=&#8221;14px|||||&#8221; custom_margin_tablet=&#8221;&#8221; custom_margin_phone=&#8221;0px||||false|false&#8221; custom_margin_last_edited=&#8221;on|phone&#8221; custom_padding=&#8221;11px||||false|false&#8221; custom_padding_tablet=&#8221;&#8221; custom_padding_phone=&#8221;0px||||false|false&#8221; custom_padding_last_edited=&#8221;on|phone&#8221; text_text_align=&#8221;center&#8221;]<\/p>\n<p style=\"text-align: left;\">Seit mehr als 10 Jahren arbeitet die <strong>Stiftung N\u00e4chste Gesellschaft<\/strong> daran, Menschen und Organisationen aus unterschiedlichsten Kontexten miteinander ins Gespr\u00e4ch zu bringen. In dieser Zeit hat sie eine Vielzahl von Projekten initiiert, die allesamt das Ziel verfolgen, die Welt in ihrer Vielfalt erlebbar zu machen und dabei das Fremde nicht als Angstgegner, sondern Quelle von Inspiration und Irritation zu begreifen.<\/p>\n<p style=\"text-align: left;\">Ihrer Arbeit gr\u00fcndet in der Einsicht, dass es neuer Kulturtechniken bedarf, damit eine \u201eN\u00e4chste Gesellschaft\u201c (Peter Drucker) nicht nur f\u00fcr einige wenige, sondern auch f\u00fcr den Rest von uns attraktiv und lebenswert ist.<\/p>\n<p>[\/et_pb_text][\/et_pb_column][\/et_pb_row][et_pb_row column_structure=&#8221;2_5,3_5&#8243; _builder_version=&#8221;4.7.7&#8243; custom_margin=&#8221;|auto|-2px|auto||&#8221; custom_margin_tablet=&#8221;&#8221; custom_margin_phone=&#8221;25px|auto|-2px|auto|false|false&#8221; custom_margin_last_edited=&#8221;on|phone&#8221; custom_padding=&#8221;3px|0px|0px|0px|false|false&#8221;][et_pb_column type=&#8221;2_5&#8243; _builder_version=&#8221;3.25&#8243; custom_padding=&#8221;|||&#8221; custom_padding__hover=&#8221;|||&#8221;][et_pb_text _builder_version=&#8221;4.7.7&#8243; header_font_size=&#8221;34px&#8221; header_2_font=&#8221;Special Elite|600|||||||&#8221; header_2_text_color=&#8221;#000000&#8243; header_2_font_size=&#8221;28px&#8221; header_2_letter_spacing=&#8221;1px&#8221; header_2_line_height=&#8221;1.4em&#8221; custom_margin=&#8221;24px||||false|false&#8221; custom_margin_tablet=&#8221;&#8221; custom_margin_phone=&#8221;-10px||||false|false&#8221; custom_margin_last_edited=&#8221;on|phone&#8221; header_2_font_size_tablet=&#8221;&#8221; header_2_font_size_phone=&#8221;23px&#8221; header_2_font_size_last_edited=&#8221;on|phone&#8221;]<\/p>\n<h2 style=\"text-align: left;\">Connect.<\/h2>\n<h2 style=\"text-align: left;\">Co-Create.<\/h2>\n<h2 style=\"text-align: left;\">Collaborate.<\/h2>\n<p><strong> <\/strong><\/p>\n<p>[\/et_pb_text][\/et_pb_column][et_pb_column type=&#8221;3_5&#8243; _builder_version=&#8221;3.25&#8243; custom_padding=&#8221;|||&#8221; custom_padding__hover=&#8221;|||&#8221;][et_pb_text _builder_version=&#8221;4.7.7&#8243; text_font=&#8221;Special Elite||||||||&#8221; text_text_color=&#8221;#000000&#8243; text_font_size=&#8221;18px&#8221; text_letter_spacing=&#8221;1px&#8221; text_line_height=&#8221;1.6em&#8221; header_3_font=&#8221;Special Elite|600|||||||&#8221; header_3_text_align=&#8221;center&#8221; header_3_text_color=&#8221;#000000&#8243; header_3_line_height=&#8221;1.3em&#8221; text_orientation=&#8221;center&#8221; custom_margin=&#8221;14px|||||&#8221; custom_margin_tablet=&#8221;&#8221; custom_margin_phone=&#8221;0px||||false|false&#8221; custom_margin_last_edited=&#8221;on|phone&#8221; custom_padding=&#8221;11px||||false|false&#8221; custom_padding_tablet=&#8221;&#8221; custom_padding_phone=&#8221;0px||||false|false&#8221; custom_padding_last_edited=&#8221;on|phone&#8221; text_text_align=&#8221;center&#8221;]<\/p>\n<p style=\"text-align: left;\">In regelm\u00e4\u00dfigen Abst\u00e4nden lanciert die Stiftung Arbeitsprojekte, die sich mit zentralen Aspekten einer \u201eN\u00e4chsten Gesellschaft\u201c auseinandersetzen.<\/p>\n<p style=\"text-align: left;\">Aktueller Schwerpunkt ist die Auseinandersetzung mit Daten &amp; Algorithmen \u2013 einem Wesensmerkmal unserer Zukunft, die anders als digital kaum mehr denkbar ist.  <\/p>\n<p>[\/et_pb_text][\/et_pb_column][\/et_pb_row][et_pb_row column_structure=&#8221;2_5,3_5&#8243; _builder_version=&#8221;3.25&#8243; custom_margin=&#8221;1px|auto||auto||&#8221; custom_padding=&#8221;3px|0px|39px|0px|false|false&#8221;][et_pb_column type=&#8221;2_5&#8243; _builder_version=&#8221;3.25&#8243; custom_padding=&#8221;|||&#8221; custom_padding__hover=&#8221;|||&#8221;][\/et_pb_column][et_pb_column type=&#8221;3_5&#8243; _builder_version=&#8221;3.25&#8243; custom_padding=&#8221;|||&#8221; custom_padding__hover=&#8221;|||&#8221;][\/et_pb_column][\/et_pb_row][\/et_pb_section]<\/p>\n","protected":false},"excerpt":{"rendered":"<p>Die Zukunft hat schon begonnen. Nur noch nicht \u00fcberall.Wer die L\u00f6sung hat, hat ein Problem.Der R\u00fcckzug in die \u00dcberschaubarkeit geistiger und fachlicher Schreberg\u00e4rten ist nicht nur anstrengend, er kostet uns \u00fcber weite Strecken auch das, was die Zukunftsf\u00e4higkeit unserer Gesellschaft ausmacht. In einer digital vernetzten Welt verfl\u00fcchtigt sich die Sehnsucht nach einfachen L\u00f6sungen und eindeutigen [&hellip;]<\/p>\n","protected":false},"author":1,"featured_media":0,"parent":0,"menu_order":0,"comment_status":"closed","ping_status":"closed","template":"","meta":{"_et_pb_use_builder":"on","_et_pb_old_content":"","_et_gb_content_width":"","footnotes":""},"class_list":["post-19","page","type-page","status-publish","hentry"],"yoast_head":"<!-- This site is optimized with the Yoast SEO plugin v27.4 - https:\/\/yoast.com\/product\/yoast-seo-wordpress\/ -->\n<title>START - Stiftung N\u00e4chste Gesellschaft<\/title>\n<meta name=\"robots\" content=\"index, follow, max-snippet:-1, max-image-preview:large, max-video-preview:-1\" \/>\n<link rel=\"canonical\" href=\"https:\/\/next-society.de\/en\/\" \/>\n<meta property=\"og:locale\" content=\"en_GB\" \/>\n<meta property=\"og:type\" content=\"article\" \/>\n<meta property=\"og:title\" content=\"START - Stiftung N\u00e4chste Gesellschaft\" \/>\n<meta property=\"og:description\" content=\"Die Zukunft hat schon begonnen. Nur noch nicht \u00fcberall.Wer die L\u00f6sung hat, hat ein Problem.Der R\u00fcckzug in die \u00dcberschaubarkeit geistiger und fachlicher Schreberg\u00e4rten ist nicht nur anstrengend, er kostet uns \u00fcber weite Strecken auch das, was die Zukunftsf\u00e4higkeit unserer Gesellschaft ausmacht. In einer digital vernetzten Welt verfl\u00fcchtigt sich die Sehnsucht nach einfachen L\u00f6sungen und eindeutigen [&hellip;]\" \/>\n<meta property=\"og:url\" content=\"https:\/\/next-society.de\/en\/\" \/>\n<meta property=\"og:site_name\" content=\"Stiftung N\u00e4chste Gesellschaft\" \/>\n<meta property=\"article:modified_time\" content=\"2021-01-19T10:05:06+00:00\" \/>\n<meta name=\"twitter:card\" content=\"summary_large_image\" \/>\n<script type=\"application\/ld+json\" class=\"yoast-schema-graph\">{\"@context\":\"https:\\\/\\\/schema.org\",\"@graph\":[{\"@type\":\"WebPage\",\"@id\":\"https:\\\/\\\/next-society.de\\\/en\\\/\",\"url\":\"https:\\\/\\\/next-society.de\\\/en\\\/\",\"name\":\"START - Stiftung N\u00e4chste Gesellschaft\",\"isPartOf\":{\"@id\":\"https:\\\/\\\/next-society.de\\\/en\\\/#website\"},\"datePublished\":\"2021-01-19T10:02:42+00:00\",\"dateModified\":\"2021-01-19T10:05:06+00:00\",\"breadcrumb\":{\"@id\":\"https:\\\/\\\/next-society.de\\\/en\\\/#breadcrumb\"},\"inLanguage\":\"en-GB\",\"potentialAction\":[{\"@type\":\"ReadAction\",\"target\":[\"https:\\\/\\\/next-society.de\\\/en\\\/\"]}]},{\"@type\":\"BreadcrumbList\",\"@id\":\"https:\\\/\\\/next-society.de\\\/en\\\/#breadcrumb\",\"itemListElement\":[{\"@type\":\"ListItem\",\"position\":1,\"name\":\"Startseite\",\"item\":\"https:\\\/\\\/next-society.de\\\/en\\\/\"},{\"@type\":\"ListItem\",\"position\":2,\"name\":\"START\"}]},{\"@type\":\"WebSite\",\"@id\":\"https:\\\/\\\/next-society.de\\\/en\\\/#website\",\"url\":\"https:\\\/\\\/next-society.de\\\/en\\\/\",\"name\":\"Stiftung N\u00e4chste Gesellschaft\",\"description\":\"Zukunft hat schon begonnen\",\"potentialAction\":[{\"@type\":\"SearchAction\",\"target\":{\"@type\":\"EntryPoint\",\"urlTemplate\":\"https:\\\/\\\/next-society.de\\\/en\\\/?s={search_term_string}\"},\"query-input\":{\"@type\":\"PropertyValueSpecification\",\"valueRequired\":true,\"valueName\":\"search_term_string\"}}],\"inLanguage\":\"en-GB\"}]}<\/script>\n<!-- \/ Yoast SEO plugin. -->","yoast_head_json":{"title":"START - Stiftung N\u00e4chste Gesellschaft","robots":{"index":"index","follow":"follow","max-snippet":"max-snippet:-1","max-image-preview":"max-image-preview:large","max-video-preview":"max-video-preview:-1"},"canonical":"https:\/\/next-society.de\/en\/","og_locale":"en_GB","og_type":"article","og_title":"START - Stiftung N\u00e4chste Gesellschaft","og_description":"Die Zukunft hat schon begonnen. Nur noch nicht \u00fcberall.Wer die L\u00f6sung hat, hat ein Problem.Der R\u00fcckzug in die \u00dcberschaubarkeit geistiger und fachlicher Schreberg\u00e4rten ist nicht nur anstrengend, er kostet uns \u00fcber weite Strecken auch das, was die Zukunftsf\u00e4higkeit unserer Gesellschaft ausmacht. In einer digital vernetzten Welt verfl\u00fcchtigt sich die Sehnsucht nach einfachen L\u00f6sungen und eindeutigen [&hellip;]","og_url":"https:\/\/next-society.de\/en\/","og_site_name":"Stiftung N\u00e4chste Gesellschaft","article_modified_time":"2021-01-19T10:05:06+00:00","twitter_card":"summary_large_image","schema":{"@context":"https:\/\/schema.org","@graph":[{"@type":"WebPage","@id":"https:\/\/next-society.de\/en\/","url":"https:\/\/next-society.de\/en\/","name":"START - Stiftung N\u00e4chste Gesellschaft","isPartOf":{"@id":"https:\/\/next-society.de\/en\/#website"},"datePublished":"2021-01-19T10:02:42+00:00","dateModified":"2021-01-19T10:05:06+00:00","breadcrumb":{"@id":"https:\/\/next-society.de\/en\/#breadcrumb"},"inLanguage":"en-GB","potentialAction":[{"@type":"ReadAction","target":["https:\/\/next-society.de\/en\/"]}]},{"@type":"BreadcrumbList","@id":"https:\/\/next-society.de\/en\/#breadcrumb","itemListElement":[{"@type":"ListItem","position":1,"name":"Startseite","item":"https:\/\/next-society.de\/en\/"},{"@type":"ListItem","position":2,"name":"START"}]},{"@type":"WebSite","@id":"https:\/\/next-society.de\/en\/#website","url":"https:\/\/next-society.de\/en\/","name":"Next Society Foundation","description":"Zukunft hat schon begonnen","potentialAction":[{"@type":"SearchAction","target":{"@type":"EntryPoint","urlTemplate":"https:\/\/next-society.de\/en\/?s={search_term_string}"},"query-input":{"@type":"PropertyValueSpecification","valueRequired":true,"valueName":"search_term_string"}}],"inLanguage":"en-GB"}]}},"_links":{"self":[{"href":"https:\/\/next-society.de\/en\/wp-json\/wp\/v2\/pages\/19","targetHints":{"allow":["GET"]}}],"collection":[{"href":"https:\/\/next-society.de\/en\/wp-json\/wp\/v2\/pages"}],"about":[{"href":"https:\/\/next-society.de\/en\/wp-json\/wp\/v2\/types\/page"}],"author":[{"embeddable":true,"href":"https:\/\/next-society.de\/en\/wp-json\/wp\/v2\/users\/1"}],"replies":[{"embeddable":true,"href":"https:\/\/next-society.de\/en\/wp-json\/wp\/v2\/comments?post=19"}],"version-history":[{"count":2,"href":"https:\/\/next-society.de\/en\/wp-json\/wp\/v2\/pages\/19\/revisions"}],"predecessor-version":[{"id":23,"href":"https:\/\/next-society.de\/en\/wp-json\/wp\/v2\/pages\/19\/revisions\/23"}],"wp:attachment":[{"href":"https:\/\/next-society.de\/en\/wp-json\/wp\/v2\/media?parent=19"}],"curies":[{"name":"wp","href":"https:\/\/api.w.org\/{rel}","templated":true}]}}