{"id":24,"date":"2021-01-19T10:05:24","date_gmt":"2021-01-19T10:05:24","guid":{"rendered":"https:\/\/next-society.de\/?page_id=24"},"modified":"2024-05-10T09:01:11","modified_gmt":"2024-05-10T09:01:11","slug":"revue","status":"publish","type":"page","link":"https:\/\/next-society.de\/en\/revue\/","title":{"rendered":"REVUE"},"content":{"rendered":"<p>[et_pb_section fb_built=&#8221;1&#8243; _builder_version=&#8221;4.24.0&#8243; _module_preset=&#8221;default&#8221; background_color=&#8221;#F2E7BF&#8221; custom_padding=&#8221;48px||19px|||&#8221; hover_enabled=&#8221;0&#8243; global_colors_info=&#8221;{}&#8221; sticky_enabled=&#8221;0&#8243; disabled_on=&#8221;on|on|off&#8221;][et_pb_row column_structure=&#8221;1_6,1_6,1_6,1_6,1_6,1_6&#8243; _builder_version=&#8221;4.24.0&#8243; _module_preset=&#8221;default&#8221; width=&#8221;100%&#8221; module_alignment=&#8221;center&#8221; custom_margin=&#8221;|auto|46px|auto||&#8221; custom_padding=&#8221;0px||0px|||&#8221; hover_enabled=&#8221;0&#8243; global_colors_info=&#8221;{}&#8221; sticky_enabled=&#8221;0&#8243;][et_pb_column type=&#8221;1_6&#8243; _builder_version=&#8221;4.16&#8243; _module_preset=&#8221;default&#8221; global_colors_info=&#8221;{}&#8221;][et_pb_image src=&#8221;https:\/\/next-society.de\/wp-content\/uploads\/2021\/01\/R11_Cover-1-pdf.jpg&#8221; title_text=&#8221;R11_Cover&#8221; url=&#8221;https:\/\/www.1kserver.com\/5fe325b57222b&#8221; url_new_window=&#8221;on&#8221; _builder_version=&#8221;4.24.0&#8243; _module_preset=&#8221;default&#8221; custom_margin=&#8221;|-15px||-18px||&#8221; custom_padding=&#8221;||3px|||&#8221; hover_enabled=&#8221;0&#8243; global_colors_info=&#8221;{}&#8221; transform_styles__hover_enabled=&#8221;on|desktop&#8221; transform_scale__hover_enabled=&#8221;on|desktop&#8221; transform_translate__hover_enabled=&#8221;on|desktop&#8221; transform_rotate__hover_enabled=&#8221;on|desktop&#8221; transform_skew__hover_enabled=&#8221;on|desktop&#8221; transform_origin__hover_enabled=&#8221;on|desktop&#8221; transform_scale__hover=&#8221;124%|124%&#8221; sticky_enabled=&#8221;0&#8243; transform_styles_last_edited=&#8221;off|tablet&#8221; transform_scale_last_edited=&#8221;off|tablet&#8221; transform_translate_last_edited=&#8221;off|tablet&#8221; transform_rotate_last_edited=&#8221;off|tablet&#8221; transform_skew_last_edited=&#8221;off|tablet&#8221; transform_origin_last_edited=&#8221;off|tablet&#8221;][\/et_pb_image][\/et_pb_column][et_pb_column type=&#8221;1_6&#8243; _builder_version=&#8221;4.16&#8243; _module_preset=&#8221;default&#8221; global_colors_info=&#8221;{}&#8221;][et_pb_image src=&#8221;https:\/\/next-society.de\/wp-content\/uploads\/2021\/01\/pub-2.jpg&#8221; title_text=&#8221;pub-2&#8243; url=&#8221;https:\/\/www.1kserver.com\/5fe38c6d65dc3&#8243; url_new_window=&#8221;on&#8221; _builder_version=&#8221;4.16&#8243; _module_preset=&#8221;default&#8221; custom_margin=&#8221;|-15px||-18px||&#8221; global_colors_info=&#8221;{}&#8221; transform_styles__hover_enabled=&#8221;on|hover&#8221; transform_scale__hover=&#8221;124%|124%&#8221; transform_scale__hover_enabled=&#8221;on|hover&#8221; transform_translate__hover_enabled=&#8221;on|desktop&#8221; transform_rotate__hover_enabled=&#8221;on|desktop&#8221; transform_skew__hover_enabled=&#8221;on|desktop&#8221; transform_origin__hover_enabled=&#8221;on|desktop&#8221;][\/et_pb_image][\/et_pb_column][et_pb_column type=&#8221;1_6&#8243; _builder_version=&#8221;4.16&#8243; _module_preset=&#8221;default&#8221; global_colors_info=&#8221;{}&#8221;][et_pb_image src=&#8221;https:\/\/next-society.de\/wp-content\/uploads\/2021\/01\/pub-1.jpg&#8221; title_text=&#8221;pub-1&#8243; url=&#8221;https:\/\/www.1kserver.com\/5fe326e55669a&#8221; url_new_window=&#8221;on&#8221; _builder_version=&#8221;4.16&#8243; _module_preset=&#8221;default&#8221; custom_margin=&#8221;|-15px||-18px||&#8221; global_colors_info=&#8221;{}&#8221; transform_styles__hover_enabled=&#8221;on|hover&#8221; transform_scale__hover=&#8221;124%|124%&#8221; transform_scale__hover_enabled=&#8221;on|hover&#8221; transform_translate__hover_enabled=&#8221;on|desktop&#8221; transform_rotate__hover_enabled=&#8221;on|desktop&#8221; transform_skew__hover_enabled=&#8221;on|desktop&#8221; transform_origin__hover_enabled=&#8221;on|desktop&#8221;][\/et_pb_image][\/et_pb_column][et_pb_column type=&#8221;1_6&#8243; _builder_version=&#8221;4.16&#8243; _module_preset=&#8221;default&#8221; global_colors_info=&#8221;{}&#8221;][et_pb_image src=&#8221;https:\/\/next-society.de\/wp-content\/uploads\/2021\/01\/pub-4.jpg&#8221; title_text=&#8221;pub-4&#8243; url=&#8221;https:\/\/www.1kserver.com\/5fe32887ca082&#8243; url_new_window=&#8221;on&#8221; _builder_version=&#8221;4.16&#8243; _module_preset=&#8221;default&#8221; custom_margin=&#8221;|-15px||-18px||&#8221; global_colors_info=&#8221;{}&#8221; transform_styles__hover_enabled=&#8221;on|hover&#8221; transform_scale__hover=&#8221;124%|124%&#8221; transform_scale__hover_enabled=&#8221;on|hover&#8221; transform_translate__hover_enabled=&#8221;on|desktop&#8221; transform_rotate__hover_enabled=&#8221;on|desktop&#8221; transform_skew__hover_enabled=&#8221;on|desktop&#8221; transform_origin__hover_enabled=&#8221;on|desktop&#8221;][\/et_pb_image][\/et_pb_column][et_pb_column type=&#8221;1_6&#8243; _builder_version=&#8221;4.16&#8243; _module_preset=&#8221;default&#8221; global_colors_info=&#8221;{}&#8221;][et_pb_image src=&#8221;https:\/\/next-society.de\/wp-content\/uploads\/2021\/01\/pub-3.jpg&#8221; title_text=&#8221;pub-3&#8243; url=&#8221;https:\/\/www.1kserver.com\/5fe329a76aa3d&#8221; url_new_window=&#8221;on&#8221; _builder_version=&#8221;4.16&#8243; _module_preset=&#8221;default&#8221; custom_margin=&#8221;|-15px||-18px||&#8221; global_colors_info=&#8221;{}&#8221; transform_styles__hover_enabled=&#8221;on|hover&#8221; transform_scale__hover=&#8221;124%|124%&#8221; transform_scale__hover_enabled=&#8221;on|hover&#8221; transform_translate__hover_enabled=&#8221;on|desktop&#8221; transform_rotate__hover_enabled=&#8221;on|desktop&#8221; transform_skew__hover_enabled=&#8221;on|desktop&#8221; transform_origin__hover_enabled=&#8221;on|desktop&#8221;][\/et_pb_image][\/et_pb_column][et_pb_column type=&#8221;1_6&#8243; _builder_version=&#8221;4.16&#8243; _module_preset=&#8221;default&#8221; global_colors_info=&#8221;{}&#8221;][et_pb_image src=&#8221;https:\/\/next-society.de\/wp-content\/uploads\/2021\/01\/0001-scaled-1.jpg&#8221; title_text=&#8221;0001&#8243; url=&#8221;https:\/\/www.1kserver.com\/5fe32aab290d4&#8243; url_new_window=&#8221;on&#8221; _builder_version=&#8221;4.16&#8243; _module_preset=&#8221;default&#8221; custom_margin=&#8221;|-15px||-20px||&#8221; global_colors_info=&#8221;{}&#8221; transform_styles__hover_enabled=&#8221;on|hover&#8221; transform_scale__hover=&#8221;124%|124%&#8221; transform_scale__hover_enabled=&#8221;on|hover&#8221; transform_translate__hover_enabled=&#8221;on|desktop&#8221; transform_rotate__hover_enabled=&#8221;on|desktop&#8221; transform_skew__hover_enabled=&#8221;on|desktop&#8221; transform_origin__hover_enabled=&#8221;on|desktop&#8221;][\/et_pb_image][\/et_pb_column][\/et_pb_row][\/et_pb_section][et_pb_section fb_built=&#8221;1&#8243; _builder_version=&#8221;4.24.0&#8243; _module_preset=&#8221;default&#8221; background_color=&#8221;#F2E7BF&#8221; custom_padding=&#8221;48px||19px|||&#8221; hover_enabled=&#8221;0&#8243; global_colors_info=&#8221;{}&#8221; sticky_enabled=&#8221;0&#8243; disabled_on=&#8221;off|off|on&#8221;][et_pb_row column_structure=&#8221;1_6,1_6,1_6,1_6,1_6,1_6&#8243; _builder_version=&#8221;4.24.0&#8243; _module_preset=&#8221;default&#8221; width=&#8221;100%&#8221; module_alignment=&#8221;center&#8221; custom_margin=&#8221;|auto|46px|auto||&#8221; custom_padding=&#8221;0px||0px|||&#8221; hover_enabled=&#8221;0&#8243; global_colors_info=&#8221;{}&#8221; sticky_enabled=&#8221;0&#8243;][et_pb_column type=&#8221;1_6&#8243; _builder_version=&#8221;4.16&#8243; _module_preset=&#8221;default&#8221; global_colors_info=&#8221;{}&#8221;][et_pb_image src=&#8221;https:\/\/next-society.de\/wp-content\/uploads\/2021\/01\/R11_Cover-1-pdf.jpg&#8221; title_text=&#8221;R11_Cover&#8221; url=&#8221;https:\/\/www.1kserver.com\/5fe325b57222b&#8221; url_new_window=&#8221;on&#8221; _builder_version=&#8221;4.24.0&#8243; _module_preset=&#8221;default&#8221; custom_margin=&#8221;|-15px||-18px||&#8221; custom_padding=&#8221;||3px|||&#8221; hover_enabled=&#8221;0&#8243; global_colors_info=&#8221;{}&#8221; transform_styles__hover_enabled=&#8221;off|desktop&#8221; transform_scale__hover_enabled=&#8221;off|desktop&#8221; transform_translate__hover_enabled=&#8221;off|desktop&#8221; transform_rotate__hover_enabled=&#8221;off|desktop&#8221; transform_skew__hover_enabled=&#8221;off|desktop&#8221; transform_origin__hover_enabled=&#8221;off|desktop&#8221; transform_scale__hover=&#8221;124%|124%&#8221; sticky_enabled=&#8221;0&#8243; transform_styles_last_edited=&#8221;off|tablet&#8221; transform_scale_last_edited=&#8221;off|tablet&#8221; transform_translate_last_edited=&#8221;off|tablet&#8221; transform_rotate_last_edited=&#8221;off|tablet&#8221; transform_skew_last_edited=&#8221;off|tablet&#8221; transform_origin_last_edited=&#8221;off|tablet&#8221;][\/et_pb_image][\/et_pb_column][et_pb_column type=&#8221;1_6&#8243; _builder_version=&#8221;4.16&#8243; _module_preset=&#8221;default&#8221; global_colors_info=&#8221;{}&#8221;][et_pb_image src=&#8221;https:\/\/next-society.de\/wp-content\/uploads\/2021\/01\/pub-2.jpg&#8221; title_text=&#8221;pub-2&#8243; url=&#8221;https:\/\/www.1kserver.com\/5fe38c6d65dc3&#8243; url_new_window=&#8221;on&#8221; _builder_version=&#8221;4.24.0&#8243; _module_preset=&#8221;default&#8221; custom_margin=&#8221;|-15px||-18px||&#8221; hover_enabled=&#8221;0&#8243; global_colors_info=&#8221;{}&#8221; transform_styles__hover_enabled=&#8221;off|desktop&#8221; transform_scale__hover=&#8221;124%|124%&#8221; transform_scale__hover_enabled=&#8221;off|desktop&#8221; transform_translate__hover_enabled=&#8221;off|desktop&#8221; transform_rotate__hover_enabled=&#8221;off|desktop&#8221; transform_skew__hover_enabled=&#8221;off|desktop&#8221; transform_origin__hover_enabled=&#8221;off|desktop&#8221;][\/et_pb_image][\/et_pb_column][et_pb_column type=&#8221;1_6&#8243; _builder_version=&#8221;4.16&#8243; _module_preset=&#8221;default&#8221; global_colors_info=&#8221;{}&#8221;][et_pb_image src=&#8221;https:\/\/next-society.de\/wp-content\/uploads\/2021\/01\/pub-1.jpg&#8221; title_text=&#8221;pub-1&#8243; url=&#8221;https:\/\/www.1kserver.com\/5fe326e55669a&#8221; url_new_window=&#8221;on&#8221; _builder_version=&#8221;4.24.0&#8243; _module_preset=&#8221;default&#8221; custom_margin=&#8221;|-15px||-18px||&#8221; hover_enabled=&#8221;0&#8243; global_colors_info=&#8221;{}&#8221; transform_styles__hover_enabled=&#8221;off|desktop&#8221; transform_scale__hover=&#8221;124%|124%&#8221; transform_scale__hover_enabled=&#8221;off|desktop&#8221; transform_translate__hover_enabled=&#8221;off|desktop&#8221; transform_rotate__hover_enabled=&#8221;off|desktop&#8221; transform_skew__hover_enabled=&#8221;off|desktop&#8221; transform_origin__hover_enabled=&#8221;off|desktop&#8221;][\/et_pb_image][\/et_pb_column][et_pb_column type=&#8221;1_6&#8243; _builder_version=&#8221;4.16&#8243; _module_preset=&#8221;default&#8221; global_colors_info=&#8221;{}&#8221;][et_pb_image src=&#8221;https:\/\/next-society.de\/wp-content\/uploads\/2021\/01\/pub-4.jpg&#8221; title_text=&#8221;pub-4&#8243; url=&#8221;https:\/\/www.1kserver.com\/5fe32887ca082&#8243; url_new_window=&#8221;on&#8221; _builder_version=&#8221;4.24.0&#8243; _module_preset=&#8221;default&#8221; custom_margin=&#8221;|-15px||-18px||&#8221; hover_enabled=&#8221;0&#8243; global_colors_info=&#8221;{}&#8221; transform_styles__hover_enabled=&#8221;off|desktop&#8221; transform_scale__hover=&#8221;124%|124%&#8221; transform_scale__hover_enabled=&#8221;off|desktop&#8221; transform_translate__hover_enabled=&#8221;off|desktop&#8221; transform_rotate__hover_enabled=&#8221;off|desktop&#8221; transform_skew__hover_enabled=&#8221;off|desktop&#8221; transform_origin__hover_enabled=&#8221;off|desktop&#8221;][\/et_pb_image][\/et_pb_column][et_pb_column type=&#8221;1_6&#8243; _builder_version=&#8221;4.16&#8243; _module_preset=&#8221;default&#8221; global_colors_info=&#8221;{}&#8221;][et_pb_image src=&#8221;https:\/\/next-society.de\/wp-content\/uploads\/2021\/01\/pub-3.jpg&#8221; title_text=&#8221;pub-3&#8243; url=&#8221;https:\/\/www.1kserver.com\/5fe329a76aa3d&#8221; url_new_window=&#8221;on&#8221; _builder_version=&#8221;4.24.0&#8243; _module_preset=&#8221;default&#8221; custom_margin=&#8221;|-15px||-18px||&#8221; hover_enabled=&#8221;0&#8243; global_colors_info=&#8221;{}&#8221; transform_styles__hover_enabled=&#8221;off|desktop&#8221; transform_scale__hover=&#8221;124%|124%&#8221; transform_scale__hover_enabled=&#8221;off|desktop&#8221; transform_translate__hover_enabled=&#8221;off|desktop&#8221; transform_rotate__hover_enabled=&#8221;off|desktop&#8221; transform_skew__hover_enabled=&#8221;off|desktop&#8221; transform_origin__hover_enabled=&#8221;off|desktop&#8221;][\/et_pb_image][\/et_pb_column][et_pb_column type=&#8221;1_6&#8243; _builder_version=&#8221;4.16&#8243; _module_preset=&#8221;default&#8221; global_colors_info=&#8221;{}&#8221;][et_pb_image src=&#8221;https:\/\/next-society.de\/wp-content\/uploads\/2021\/01\/0001-scaled-1.jpg&#8221; title_text=&#8221;0001&#8243; url=&#8221;https:\/\/www.1kserver.com\/5fe32aab290d4&#8243; url_new_window=&#8221;on&#8221; _builder_version=&#8221;4.24.0&#8243; _module_preset=&#8221;default&#8221; custom_margin=&#8221;|-15px||-20px||&#8221; hover_enabled=&#8221;0&#8243; global_colors_info=&#8221;{}&#8221; transform_styles__hover_enabled=&#8221;off|desktop&#8221; transform_scale__hover=&#8221;124%|124%&#8221; transform_scale__hover_enabled=&#8221;off|desktop&#8221; transform_translate__hover_enabled=&#8221;off|desktop&#8221; transform_rotate__hover_enabled=&#8221;off|desktop&#8221; transform_skew__hover_enabled=&#8221;off|desktop&#8221; transform_origin__hover_enabled=&#8221;off|desktop&#8221; sticky_enabled=&#8221;0&#8243;][\/et_pb_image][\/et_pb_column][\/et_pb_row][\/et_pb_section][et_pb_section fb_built=&#8221;1&#8243; _builder_version=&#8221;4.16&#8243; background_color=&#8221;rgba(247,247,195,0.57)&#8221; custom_padding=&#8221;0px||0px||true|&#8221; locked=&#8221;off&#8221; global_colors_info=&#8221;{}&#8221;][et_pb_row column_structure=&#8221;2_5,3_5&#8243; _builder_version=&#8221;4.16&#8243; custom_padding=&#8221;36px|0px|55px|0px|false|false&#8221; global_colors_info=&#8221;{}&#8221;][et_pb_column type=&#8221;2_5&#8243; _builder_version=&#8221;4.16&#8243; custom_padding=&#8221;|||&#8221; global_colors_info=&#8221;{}&#8221; custom_padding__hover=&#8221;|||&#8221;][et_pb_text _builder_version=&#8221;4.16&#8243; header_font_size=&#8221;34px&#8221; header_2_font=&#8221;Special Elite|600|||||||&#8221; header_2_text_color=&#8221;#000000&#8243; header_2_font_size=&#8221;28px&#8221; header_2_letter_spacing=&#8221;1px&#8221; header_2_line_height=&#8221;1.4em&#8221; custom_margin=&#8221;31px||||false|false&#8221; custom_margin_tablet=&#8221;&#8221; custom_margin_phone=&#8221;-10px||||false|false&#8221; custom_margin_last_edited=&#8221;on|phone&#8221; header_2_font_size_tablet=&#8221;&#8221; header_2_font_size_phone=&#8221;23px&#8221; header_2_font_size_last_edited=&#8221;on|phone&#8221; global_colors_info=&#8221;{}&#8221;]<\/p>\n<h2 style=\"text-align: left;\">&#8220;Read the f*cking manual.&#8221;<\/h2>\n<p>[\/et_pb_text][\/et_pb_column][et_pb_column type=&#8221;3_5&#8243; _builder_version=&#8221;4.16&#8243; custom_padding=&#8221;|||&#8221; global_colors_info=&#8221;{}&#8221; custom_padding__hover=&#8221;|||&#8221;][et_pb_text _builder_version=&#8221;4.16&#8243; text_font=&#8221;Special Elite||||||||&#8221; text_text_color=&#8221;#000000&#8243; text_font_size=&#8221;18px&#8221; text_letter_spacing=&#8221;1px&#8221; text_line_height=&#8221;1.6em&#8221; header_3_font=&#8221;Special Elite|600|||||||&#8221; header_3_text_align=&#8221;center&#8221; header_3_text_color=&#8221;#000000&#8243; header_3_line_height=&#8221;1.3em&#8221; text_orientation=&#8221;center&#8221; custom_margin=&#8221;14px|||||&#8221; custom_margin_tablet=&#8221;&#8221; custom_margin_phone=&#8221;0px||||false|false&#8221; custom_margin_last_edited=&#8221;on|phone&#8221; custom_padding=&#8221;11px||||false|false&#8221; custom_padding_tablet=&#8221;&#8221; custom_padding_phone=&#8221;0px||||false|false&#8221; custom_padding_last_edited=&#8221;on|phone&#8221; text_text_align=&#8221;center&#8221; global_colors_info=&#8221;{}&#8221;]<\/p>\n<p style=\"text-align: left;\">As a document of its work and social food for thought, the foundation published its own magazine by the end of 2016: <strong>REVUE - The Magazine for the Next Society.\u00a0<\/strong><\/p>\n<p style=\"text-align: left;\">Over the years and on the basis of specific key topics, the quarterly magazine has published outlooks and assessments by thinkers and doers of a global network of \u201cpositive deviants\u201d. With the conversion of the medium from analog to digital, the magazine completed its self-transformation into an <strong>Online Community<\/strong>.<\/p>\n<p style=\"text-align: left;\">This went hand in hand with the focus on the subject of \"data &amp; algorithms\" - the foundation's current focus to this day.\u00a0<\/p>\n<p>[\/et_pb_text][\/et_pb_column][\/et_pb_row][\/et_pb_section]<\/p>","protected":false},"excerpt":{"rendered":"<p>&#8220;Read the f*cking manual.&#8221;Als Dokument ihrer Arbeit und gesellschaftlicher Denkansto\u00df gab die Stiftung bis Ende 2016 eine eigene Zeitschrift heraus: REVUE \u2013 Das\u00a0Magazin f\u00fcr die N\u00e4chste Gesellschaft.\u00a0 \u00dcber Jahre hinweg und anhand konkreter Schwerpunktthemen publizierte das viertelj\u00e4hrlich erscheinende Magazin Ausblicke und Einsch\u00e4tzungen von Vor- und Nachdenkern eines globalen Netzwerks von \u201epositive deviants\u201c. Mit der Umstellung [&hellip;]<\/p>","protected":false},"author":1,"featured_media":0,"parent":0,"menu_order":0,"comment_status":"closed","ping_status":"closed","template":"","meta":{"_et_pb_use_builder":"on","_et_pb_old_content":"","_et_gb_content_width":"","footnotes":""},"class_list":["post-24","page","type-page","status-publish","hentry"],"yoast_head":"<!-- This site is optimized with the Yoast SEO plugin v22.9 - https:\/\/yoast.com\/wordpress\/plugins\/seo\/ -->\n<title>REVUE - Stiftung N\u00e4chste Gesellschaft<\/title>\n<meta name=\"robots\" content=\"index, follow, max-snippet:-1, max-image-preview:large, max-video-preview:-1\" \/>\n<link rel=\"canonical\" href=\"https:\/\/next-society.de\/en\/revue\/\" \/>\n<meta property=\"og:locale\" content=\"en_GB\" \/>\n<meta property=\"og:type\" content=\"article\" \/>\n<meta property=\"og:title\" content=\"REVUE - Stiftung N\u00e4chste Gesellschaft\" \/>\n<meta property=\"og:description\" content=\"&quot;Read the f*cking manual.&quot;Als Dokument ihrer Arbeit und gesellschaftlicher Denkansto\u00df gab die Stiftung bis Ende 2016 eine eigene Zeitschrift heraus: REVUE \u2013 Das\u00a0Magazin f\u00fcr die N\u00e4chste Gesellschaft.\u00a0 \u00dcber Jahre hinweg und anhand konkreter Schwerpunktthemen publizierte das viertelj\u00e4hrlich erscheinende Magazin Ausblicke und Einsch\u00e4tzungen von Vor- und Nachdenkern eines globalen Netzwerks von \u201epositive deviants\u201c. Mit der Umstellung [&hellip;]\" \/>\n<meta property=\"og:url\" content=\"https:\/\/next-society.de\/en\/revue\/\" \/>\n<meta property=\"og:site_name\" content=\"Stiftung N\u00e4chste Gesellschaft\" \/>\n<meta property=\"article:modified_time\" content=\"2024-05-10T09:01:11+00:00\" \/>\n<meta name=\"twitter:card\" content=\"summary_large_image\" \/>\n<script type=\"application\/ld+json\" class=\"yoast-schema-graph\">{\"@context\":\"https:\/\/schema.org\",\"@graph\":[{\"@type\":\"WebPage\",\"@id\":\"https:\/\/next-society.de\/revue\/\",\"url\":\"https:\/\/next-society.de\/revue\/\",\"name\":\"REVUE - Stiftung N\u00e4chste Gesellschaft\",\"isPartOf\":{\"@id\":\"https:\/\/next-society.de\/en\/#website\"},\"datePublished\":\"2021-01-19T10:05:24+00:00\",\"dateModified\":\"2024-05-10T09:01:11+00:00\",\"breadcrumb\":{\"@id\":\"https:\/\/next-society.de\/revue\/#breadcrumb\"},\"inLanguage\":\"en-GB\",\"potentialAction\":[{\"@type\":\"ReadAction\",\"target\":[\"https:\/\/next-society.de\/revue\/\"]}]},{\"@type\":\"BreadcrumbList\",\"@id\":\"https:\/\/next-society.de\/revue\/#breadcrumb\",\"itemListElement\":[{\"@type\":\"ListItem\",\"position\":1,\"name\":\"Startseite\",\"item\":\"https:\/\/next-society.de\/en\/\"},{\"@type\":\"ListItem\",\"position\":2,\"name\":\"REVUE\"}]},{\"@type\":\"WebSite\",\"@id\":\"https:\/\/next-society.de\/en\/#website\",\"url\":\"https:\/\/next-society.de\/en\/\",\"name\":\"Stiftung N\u00e4chste Gesellschaft\",\"description\":\"Zukunft hat schon begonnen\",\"potentialAction\":[{\"@type\":\"SearchAction\",\"target\":{\"@type\":\"EntryPoint\",\"urlTemplate\":\"https:\/\/next-society.de\/en\/?s={search_term_string}\"},\"query-input\":\"required name=search_term_string\"}],\"inLanguage\":\"en-GB\"}]}<\/script>\n<!-- \/ Yoast SEO plugin. -->","yoast_head_json":{"title":"REVUE - Stiftung N\u00e4chste Gesellschaft","robots":{"index":"index","follow":"follow","max-snippet":"max-snippet:-1","max-image-preview":"max-image-preview:large","max-video-preview":"max-video-preview:-1"},"canonical":"https:\/\/next-society.de\/en\/revue\/","og_locale":"en_GB","og_type":"article","og_title":"REVUE - Stiftung N\u00e4chste Gesellschaft","og_description":"\"Read the f*cking manual.\"Als Dokument ihrer Arbeit und gesellschaftlicher Denkansto\u00df gab die Stiftung bis Ende 2016 eine eigene Zeitschrift heraus: REVUE \u2013 Das\u00a0Magazin f\u00fcr die N\u00e4chste Gesellschaft.\u00a0 \u00dcber Jahre hinweg und anhand konkreter Schwerpunktthemen publizierte das viertelj\u00e4hrlich erscheinende Magazin Ausblicke und Einsch\u00e4tzungen von Vor- und Nachdenkern eines globalen Netzwerks von \u201epositive deviants\u201c. Mit der Umstellung [&hellip;]","og_url":"https:\/\/next-society.de\/en\/revue\/","og_site_name":"Stiftung N\u00e4chste Gesellschaft","article_modified_time":"2024-05-10T09:01:11+00:00","twitter_card":"summary_large_image","schema":{"@context":"https:\/\/schema.org","@graph":[{"@type":"WebPage","@id":"https:\/\/next-society.de\/revue\/","url":"https:\/\/next-society.de\/revue\/","name":"REVUE - Stiftung N\u00e4chste Gesellschaft","isPartOf":{"@id":"https:\/\/next-society.de\/en\/#website"},"datePublished":"2021-01-19T10:05:24+00:00","dateModified":"2024-05-10T09:01:11+00:00","breadcrumb":{"@id":"https:\/\/next-society.de\/revue\/#breadcrumb"},"inLanguage":"en-GB","potentialAction":[{"@type":"ReadAction","target":["https:\/\/next-society.de\/revue\/"]}]},{"@type":"BreadcrumbList","@id":"https:\/\/next-society.de\/revue\/#breadcrumb","itemListElement":[{"@type":"ListItem","position":1,"name":"Startseite","item":"https:\/\/next-society.de\/en\/"},{"@type":"ListItem","position":2,"name":"REVUE"}]},{"@type":"WebSite","@id":"https:\/\/next-society.de\/en\/#website","url":"https:\/\/next-society.de\/en\/","name":"Stiftung N\u00e4chste Gesellschaft","description":"Zukunft hat schon begonnen","potentialAction":[{"@type":"SearchAction","target":{"@type":"EntryPoint","urlTemplate":"https:\/\/next-society.de\/en\/?s={search_term_string}"},"query-input":"required name=search_term_string"}],"inLanguage":"en-GB"}]}},"_links":{"self":[{"href":"https:\/\/next-society.de\/en\/wp-json\/wp\/v2\/pages\/24","targetHints":{"allow":["GET"]}}],"collection":[{"href":"https:\/\/next-society.de\/en\/wp-json\/wp\/v2\/pages"}],"about":[{"href":"https:\/\/next-society.de\/en\/wp-json\/wp\/v2\/types\/page"}],"author":[{"embeddable":true,"href":"https:\/\/next-society.de\/en\/wp-json\/wp\/v2\/users\/1"}],"replies":[{"embeddable":true,"href":"https:\/\/next-society.de\/en\/wp-json\/wp\/v2\/comments?post=24"}],"version-history":[{"count":3,"href":"https:\/\/next-society.de\/en\/wp-json\/wp\/v2\/pages\/24\/revisions"}],"predecessor-version":[{"id":512,"href":"https:\/\/next-society.de\/en\/wp-json\/wp\/v2\/pages\/24\/revisions\/512"}],"wp:attachment":[{"href":"https:\/\/next-society.de\/en\/wp-json\/wp\/v2\/media?parent=24"}],"curies":[{"name":"wp","href":"https:\/\/api.w.org\/{rel}","templated":true}]}}