{"id":49,"date":"2021-01-19T10:15:15","date_gmt":"2021-01-19T10:15:15","guid":{"rendered":"https:\/\/next-society.de\/?page_id=49"},"modified":"2021-01-19T10:16:25","modified_gmt":"2021-01-19T10:16:25","slug":"data-driven-innovation","status":"publish","type":"page","link":"https:\/\/next-society.de\/en\/data-driven-innovation\/","title":{"rendered":"Data Driven Innovation"},"content":{"rendered":"<p>[et_pb_section fb_built=&#8221;1&#8243; _builder_version=&#8221;4.7.7&#8243; _module_preset=&#8221;default&#8221; background_image=&#8221;https:\/\/next-society.de\/wp-content\/uploads\/2021\/01\/FireShot-Capture-007-Home-Data-Driven-Innovation-ddi-canvas.com-1.png&#8221; height=&#8221;334px&#8221; height_tablet=&#8221;&#8221; height_phone=&#8221;193px&#8221; height_last_edited=&#8221;on|phone&#8221; custom_padding=&#8221;13px||43px|||&#8221; background_last_edited=&#8221;on|desktop&#8221;][et_pb_row custom_padding_last_edited=&#8221;on|phone&#8221; _builder_version=&#8221;4.7.7&#8243; _module_preset=&#8221;default&#8221; height_tablet=&#8221;&#8221; height_phone=&#8221;266px&#8221; height_last_edited=&#8221;on|phone&#8221; custom_margin=&#8221;|auto|-11px|auto||&#8221; custom_padding=&#8221;||237px|||&#8221; custom_padding_tablet=&#8221;&#8221; custom_padding_phone=&#8221;||0px||false|false&#8221; link_option_url=&#8221;https:\/\/ddi-canvas.com\/&#8221; link_option_url_new_window=&#8221;on&#8221;][et_pb_column type=&#8221;4_4&#8243; _builder_version=&#8221;4.7.7&#8243; _module_preset=&#8221;default&#8221;][\/et_pb_column][\/et_pb_row][\/et_pb_section][et_pb_section fb_built=&#8221;1&#8243; _builder_version=&#8221;4.7.7&#8243; background_color=&#8221;rgba(247,247,195,0.57)&#8221; custom_padding=&#8221;0px||0px||true|&#8221; locked=&#8221;off&#8221;][et_pb_row column_structure=&#8221;2_5,3_5&#8243; _builder_version=&#8221;3.25&#8243; custom_padding=&#8221;36px|0px||0px|false|false&#8221;][et_pb_column type=&#8221;2_5&#8243; _builder_version=&#8221;3.25&#8243; custom_padding=&#8221;|||&#8221; custom_padding__hover=&#8221;|||&#8221;][et_pb_text _builder_version=&#8221;4.7.7&#8243; header_font_size=&#8221;34px&#8221; header_2_font=&#8221;Special Elite|600|||||||&#8221; header_2_text_color=&#8221;#000000&#8243; header_2_font_size=&#8221;28px&#8221; header_2_letter_spacing=&#8221;1px&#8221; header_2_line_height=&#8221;1.4em&#8221; custom_margin=&#8221;31px||||false|false&#8221; custom_margin_tablet=&#8221;&#8221; custom_margin_phone=&#8221;-10px||||false|false&#8221; custom_margin_last_edited=&#8221;on|phone&#8221; header_2_font_size_tablet=&#8221;&#8221; header_2_font_size_phone=&#8221;23px&#8221; header_2_font_size_last_edited=&#8221;on|phone&#8221;]<\/p>\n<h2 style=\"text-align: left;\">Tools for riding the algorithms<\/h2>\n<p>[\/et_pb_text][\/et_pb_column][et_pb_column type=&#8221;3_5&#8243; _builder_version=&#8221;3.25&#8243; custom_padding=&#8221;|||&#8221; custom_padding__hover=&#8221;|||&#8221;][et_pb_text _builder_version=&#8221;4.7.7&#8243; text_font=&#8221;Special Elite||||||||&#8221; text_text_color=&#8221;#000000&#8243; text_font_size=&#8221;18px&#8221; text_letter_spacing=&#8221;1px&#8221; text_line_height=&#8221;1.6em&#8221; header_3_font=&#8221;Special Elite|600|||||||&#8221; header_3_text_align=&#8221;center&#8221; header_3_text_color=&#8221;#000000&#8243; header_3_line_height=&#8221;1.3em&#8221; text_orientation=&#8221;center&#8221; custom_margin=&#8221;14px|||||&#8221; custom_margin_tablet=&#8221;&#8221; custom_margin_phone=&#8221;0px||||false|false&#8221; custom_margin_last_edited=&#8221;on|phone&#8221; custom_padding=&#8221;11px||||false|false&#8221; custom_padding_tablet=&#8221;&#8221; custom_padding_phone=&#8221;0px||||false|false&#8221; custom_padding_last_edited=&#8221;on|phone&#8221; text_text_align=&#8221;center&#8221;]<\/p>\n<p style=\"text-align: left;\">Im Fokus der aktuellen Stiftungsarbeit stehen die Ver\u00e4nderungen\u00a0unserer\u00a0Arbeitswelt, die mit dem\u00a0Stichwort \u201eDigitalisierung\u201c eher unzureichend und verharmlosend umschrieben sind. In einer Gesellschaft, deren Alltag mehr und mehr von global vernetzten Datenstr\u00f6men bestimmt wird, entwickelt sich die Frage nach\u00a0<em>\u201eabove or below the algorithm\u201c<\/em>\u00a0zu einer entscheidenden Wegmarkierung.<br \/> Wer bestimmt und gestaltet die Spielregeln unserer Zukunft?<\/p>\n<p>[\/et_pb_text][\/et_pb_column][\/et_pb_row][et_pb_row column_structure=&#8221;2_5,3_5&#8243; _builder_version=&#8221;3.25&#8243; custom_padding=&#8221;18px|0px||0px|false|false&#8221;][et_pb_column type=&#8221;2_5&#8243; _builder_version=&#8221;3.25&#8243; custom_padding=&#8221;|||&#8221; custom_padding__hover=&#8221;|||&#8221;][et_pb_text _builder_version=&#8221;4.7.7&#8243; header_font_size=&#8221;34px&#8221; header_2_font=&#8221;Special Elite|600|||||||&#8221; header_2_text_color=&#8221;#000000&#8243; header_2_font_size=&#8221;28px&#8221; header_2_letter_spacing=&#8221;1px&#8221; header_2_line_height=&#8221;1.4em&#8221; custom_margin=&#8221;31px||||false|false&#8221; custom_margin_tablet=&#8221;&#8221; custom_margin_phone=&#8221;-10px||||false|false&#8221; custom_margin_last_edited=&#8221;on|phone&#8221; header_2_font_size_tablet=&#8221;&#8221; header_2_font_size_phone=&#8221;23px&#8221; header_2_font_size_last_edited=&#8221;on|phone&#8221;]<\/p>\n<h2 style=\"text-align: left;\">Control your destiny.<\/h2>\n<h2 style=\"text-align: left;\">Or someone else will.<\/h2>\n<p>[\/et_pb_text][\/et_pb_column][et_pb_column type=&#8221;3_5&#8243; _builder_version=&#8221;3.25&#8243; custom_padding=&#8221;|||&#8221; custom_padding__hover=&#8221;|||&#8221;][et_pb_text _builder_version=&#8221;4.7.7&#8243; text_font=&#8221;Special Elite||||||||&#8221; text_text_color=&#8221;#000000&#8243; text_font_size=&#8221;18px&#8221; text_letter_spacing=&#8221;1px&#8221; text_line_height=&#8221;1.6em&#8221; header_3_font=&#8221;Special Elite|600|||||||&#8221; header_3_text_align=&#8221;center&#8221; header_3_text_color=&#8221;#000000&#8243; header_3_line_height=&#8221;1.3em&#8221; text_orientation=&#8221;center&#8221; custom_margin=&#8221;14px|||||&#8221; custom_margin_tablet=&#8221;&#8221; custom_margin_phone=&#8221;0px||||false|false&#8221; custom_margin_last_edited=&#8221;on|phone&#8221; custom_padding=&#8221;11px||||false|false&#8221; custom_padding_tablet=&#8221;&#8221; custom_padding_phone=&#8221;0px||||false|false&#8221; custom_padding_last_edited=&#8221;on|phone&#8221; text_text_align=&#8221;center&#8221;]<\/p>\n<p style=\"text-align: left;\">Um Unternehmen, deren Entscheiderinnen &amp; Entscheider wie auch eine interessierte Belegschaft bestm\u00f6glichst in die Lage zu versetzen, den digitalen Umbau ihrer Gesch\u00e4ftsprozesse und -modelle nicht nur sondern passiv zu erleiden, sondern diesen Umbruch aktiv (mit) zu gestalten, hat die Stiftung gemeinsam mit ausgew\u00e4hlten Kooperationspartnern ein umfangreiches Set an Werkzeugen entwickelt, mit dem das immense Potential datengetriebener Innovationen erfolgreich ausgesch\u00f6pft werden kann.<\/p>\n<p style=\"text-align: left;\">Das <u>Digital-Driven Innovation Framework<\/u> (DDI) ist eine wissenschaftlich erforschte und vielfach praxiserprobte Vorgehensweise, mit dem alle relevanten Dimensionen digitaler Innovationen systematisch aufgearbeitet und praktisch umgesetzt werden k\u00f6nnen. So k\u00f6nnen Organisationen sich und das eigene Gesch\u00e4ft umsichtig und vorausschauend auf eine unausweichlich digitale Zukunft vorbereiten. <\/p>\n<p>[\/et_pb_text][\/et_pb_column][\/et_pb_row][et_pb_row column_structure=&#8221;2_5,3_5&#8243; _builder_version=&#8221;3.25&#8243; custom_padding=&#8221;13px|0px|0px|0px|false|false&#8221;][et_pb_column type=&#8221;2_5&#8243; _builder_version=&#8221;3.25&#8243; custom_padding=&#8221;|||&#8221; custom_padding__hover=&#8221;|||&#8221;][et_pb_text _builder_version=&#8221;4.7.7&#8243; text_font=&#8221;Special Elite||||||||&#8221; text_text_color=&#8221;#000000&#8243; text_font_size=&#8221;28px&#8221; text_letter_spacing=&#8221;1px&#8221; text_line_height=&#8221;1.3em&#8221; header_font_size=&#8221;34px&#8221; header_2_font=&#8221;Special Elite|600|||||||&#8221; header_2_text_color=&#8221;#000000&#8243; header_2_font_size=&#8221;33px&#8221; header_2_letter_spacing=&#8221;-1px&#8221; header_2_line_height=&#8221;1.4em&#8221; custom_margin=&#8221;37px||||false|false&#8221; custom_margin_tablet=&#8221;&#8221; custom_margin_phone=&#8221;-10px||||false|false&#8221; custom_margin_last_edited=&#8221;on|phone&#8221; text_font_size_tablet=&#8221;&#8221; text_font_size_phone=&#8221;23px&#8221; text_font_size_last_edited=&#8221;on|phone&#8221; header_2_font_size_tablet=&#8221;&#8221; header_2_font_size_phone=&#8221;30px&#8221; header_2_font_size_last_edited=&#8221;on|phone&#8221; text_font_size__hover_enabled=&#8221;on|desktop&#8221;]<\/p>\n<p><strong>\u201cCabe\u00e7a vazia \u00e9 oficina do diabo.\u201d <\/strong><\/p>\n<p>[\/et_pb_text][\/et_pb_column][et_pb_column type=&#8221;3_5&#8243; _builder_version=&#8221;3.25&#8243; custom_padding=&#8221;|||&#8221; custom_padding__hover=&#8221;|||&#8221;][et_pb_text _builder_version=&#8221;4.7.7&#8243; text_font=&#8221;Special Elite||||||||&#8221; text_text_color=&#8221;#000000&#8243; text_font_size=&#8221;18px&#8221; text_letter_spacing=&#8221;1px&#8221; text_line_height=&#8221;1.6em&#8221; header_3_font=&#8221;Special Elite|600|||||||&#8221; header_3_text_align=&#8221;center&#8221; header_3_text_color=&#8221;#000000&#8243; header_3_line_height=&#8221;1.3em&#8221; text_orientation=&#8221;center&#8221; custom_margin=&#8221;14px|||-3px||&#8221; custom_margin_tablet=&#8221;&#8221; custom_margin_phone=&#8221;0px|||-3px|false|false&#8221; custom_margin_last_edited=&#8221;on|phone&#8221; custom_padding=&#8221;11px||||false|false&#8221; custom_padding_tablet=&#8221;&#8221; custom_padding_phone=&#8221;0px||||false|false&#8221; custom_padding_last_edited=&#8221;on|phone&#8221; text_text_align=&#8221;center&#8221;]<\/p>\n<p style=\"text-align: left;\">Die Stiftung versteht dieses Projekt auch als einen Beitrag, die bei jedem tiefgreifenden technologischen Wandel stets auch mitlaufenden gesellschaftlichen Umbr\u00fcche in konstruktive Bahnen zu lenken.<\/p>\n<p style=\"text-align: left;\">Nicht nur die Geschichte, auch die aktuelle politische Gegenwart zeigt: F\u00fchlen sich Menschen von solchen Umbr\u00fcchen ausgeschlossen, f\u00fchrt dies unweigerlich zu sozialer Unzufriedenheit und dem R\u00fcckzug in die \u00fcberschaubaren Territorien der eignen Selbstvergewisserung.<\/p>\n<p style=\"text-align: left;\">Ausgrenzung, Radikalisierung und die Sprachlosigkeit simplifizierender Narrative sind dann die R\u00fcckseite der Medaille, mit der sich Autokraten, Populisten und nationale Ideologien den Weg in die Mitte der Gesellschaft erkaufen. Deren kurzsichtigen Rezepte passen zwar gut in das bunte Gezwitscher der 140 Zeichen \u2013 ihr Beitrag zu einer nachhaltigen Zukunftssicherung h\u00e4lt sich jedoch in Grenzen. Die damit gen\u00e4hrte Lust am w\u00e4rmenden Glorienschein l\u00e4ngst vergangener Zeiten verdeutlicht einmal mehr: Wer die L\u00f6sung hat, hat ein Problem.\u00a0<\/p>\n<p style=\"text-align: left;\">Mehr dazu hier: <a href=\"http:\/\/www.ddi-canvas.com\">www.ddi-canvas.com<\/a><\/p>\n<p>[\/et_pb_text][\/et_pb_column][\/et_pb_row][et_pb_row column_structure=&#8221;2_5,3_5&#8243; _builder_version=&#8221;3.25&#8243; custom_padding=&#8221;5px|0px|37px|0px|false|false&#8221;][et_pb_column type=&#8221;2_5&#8243; _builder_version=&#8221;3.25&#8243; custom_padding=&#8221;|||&#8221; custom_padding__hover=&#8221;|||&#8221;][\/et_pb_column][et_pb_column type=&#8221;3_5&#8243; _builder_version=&#8221;3.25&#8243; custom_padding=&#8221;|||&#8221; custom_padding__hover=&#8221;|||&#8221;][\/et_pb_column][\/et_pb_row][\/et_pb_section]<\/p>\n","protected":false},"excerpt":{"rendered":"<p>Tools for riding the algorithmsIm Fokus der aktuellen Stiftungsarbeit stehen die Ver\u00e4nderungen\u00a0unserer\u00a0Arbeitswelt, die mit dem\u00a0Stichwort \u201eDigitalisierung\u201c eher unzureichend und verharmlosend umschrieben sind. In einer Gesellschaft, deren Alltag mehr und mehr von global vernetzten Datenstr\u00f6men bestimmt wird, entwickelt sich die Frage nach\u00a0\u201eabove or below the algorithm\u201c\u00a0zu einer entscheidenden Wegmarkierung. Wer bestimmt und gestaltet die Spielregeln unserer [&hellip;]<\/p>\n","protected":false},"author":1,"featured_media":0,"parent":0,"menu_order":0,"comment_status":"closed","ping_status":"closed","template":"","meta":{"_et_pb_use_builder":"on","_et_pb_old_content":"","_et_gb_content_width":"","footnotes":""},"class_list":["post-49","page","type-page","status-publish","hentry"],"yoast_head":"<!-- This site is optimized with the Yoast SEO plugin v27.4 - https:\/\/yoast.com\/product\/yoast-seo-wordpress\/ -->\n<title>Data Driven Innovation - Stiftung N\u00e4chste Gesellschaft<\/title>\n<meta name=\"robots\" content=\"index, follow, max-snippet:-1, max-image-preview:large, max-video-preview:-1\" \/>\n<link rel=\"canonical\" href=\"https:\/\/next-society.de\/en\/data-driven-innovation\/\" \/>\n<meta property=\"og:locale\" content=\"en_GB\" \/>\n<meta property=\"og:type\" content=\"article\" \/>\n<meta property=\"og:title\" content=\"Data Driven Innovation - Stiftung N\u00e4chste Gesellschaft\" \/>\n<meta property=\"og:description\" content=\"Tools for riding the algorithmsIm Fokus der aktuellen Stiftungsarbeit stehen die Ver\u00e4nderungen\u00a0unserer\u00a0Arbeitswelt, die mit dem\u00a0Stichwort \u201eDigitalisierung\u201c eher unzureichend und verharmlosend umschrieben sind. In einer Gesellschaft, deren Alltag mehr und mehr von global vernetzten Datenstr\u00f6men bestimmt wird, entwickelt sich die Frage nach\u00a0\u201eabove or below the algorithm\u201c\u00a0zu einer entscheidenden Wegmarkierung. Wer bestimmt und gestaltet die Spielregeln unserer [&hellip;]\" \/>\n<meta property=\"og:url\" content=\"https:\/\/next-society.de\/en\/data-driven-innovation\/\" \/>\n<meta property=\"og:site_name\" content=\"Stiftung N\u00e4chste Gesellschaft\" \/>\n<meta property=\"article:modified_time\" content=\"2021-01-19T10:16:25+00:00\" \/>\n<meta name=\"twitter:card\" content=\"summary_large_image\" \/>\n<script type=\"application\/ld+json\" class=\"yoast-schema-graph\">{\"@context\":\"https:\\\/\\\/schema.org\",\"@graph\":[{\"@type\":\"WebPage\",\"@id\":\"https:\\\/\\\/next-society.de\\\/data-driven-innovation\\\/\",\"url\":\"https:\\\/\\\/next-society.de\\\/data-driven-innovation\\\/\",\"name\":\"Data Driven Innovation - Stiftung N\u00e4chste Gesellschaft\",\"isPartOf\":{\"@id\":\"https:\\\/\\\/next-society.de\\\/en\\\/#website\"},\"datePublished\":\"2021-01-19T10:15:15+00:00\",\"dateModified\":\"2021-01-19T10:16:25+00:00\",\"breadcrumb\":{\"@id\":\"https:\\\/\\\/next-society.de\\\/data-driven-innovation\\\/#breadcrumb\"},\"inLanguage\":\"en-GB\",\"potentialAction\":[{\"@type\":\"ReadAction\",\"target\":[\"https:\\\/\\\/next-society.de\\\/data-driven-innovation\\\/\"]}]},{\"@type\":\"BreadcrumbList\",\"@id\":\"https:\\\/\\\/next-society.de\\\/data-driven-innovation\\\/#breadcrumb\",\"itemListElement\":[{\"@type\":\"ListItem\",\"position\":1,\"name\":\"Startseite\",\"item\":\"https:\\\/\\\/next-society.de\\\/en\\\/\"},{\"@type\":\"ListItem\",\"position\":2,\"name\":\"Data Driven Innovation\"}]},{\"@type\":\"WebSite\",\"@id\":\"https:\\\/\\\/next-society.de\\\/en\\\/#website\",\"url\":\"https:\\\/\\\/next-society.de\\\/en\\\/\",\"name\":\"Stiftung N\u00e4chste Gesellschaft\",\"description\":\"Zukunft hat schon begonnen\",\"potentialAction\":[{\"@type\":\"SearchAction\",\"target\":{\"@type\":\"EntryPoint\",\"urlTemplate\":\"https:\\\/\\\/next-society.de\\\/en\\\/?s={search_term_string}\"},\"query-input\":{\"@type\":\"PropertyValueSpecification\",\"valueRequired\":true,\"valueName\":\"search_term_string\"}}],\"inLanguage\":\"en-GB\"}]}<\/script>\n<!-- \/ Yoast SEO plugin. -->","yoast_head_json":{"title":"Data Driven Innovation - Stiftung N\u00e4chste Gesellschaft","robots":{"index":"index","follow":"follow","max-snippet":"max-snippet:-1","max-image-preview":"max-image-preview:large","max-video-preview":"max-video-preview:-1"},"canonical":"https:\/\/next-society.de\/en\/data-driven-innovation\/","og_locale":"en_GB","og_type":"article","og_title":"Data Driven Innovation - Stiftung N\u00e4chste Gesellschaft","og_description":"Tools for riding the algorithmsIm Fokus der aktuellen Stiftungsarbeit stehen die Ver\u00e4nderungen\u00a0unserer\u00a0Arbeitswelt, die mit dem\u00a0Stichwort \u201eDigitalisierung\u201c eher unzureichend und verharmlosend umschrieben sind. In einer Gesellschaft, deren Alltag mehr und mehr von global vernetzten Datenstr\u00f6men bestimmt wird, entwickelt sich die Frage nach\u00a0\u201eabove or below the algorithm\u201c\u00a0zu einer entscheidenden Wegmarkierung. Wer bestimmt und gestaltet die Spielregeln unserer [&hellip;]","og_url":"https:\/\/next-society.de\/en\/data-driven-innovation\/","og_site_name":"Stiftung N\u00e4chste Gesellschaft","article_modified_time":"2021-01-19T10:16:25+00:00","twitter_card":"summary_large_image","schema":{"@context":"https:\/\/schema.org","@graph":[{"@type":"WebPage","@id":"https:\/\/next-society.de\/data-driven-innovation\/","url":"https:\/\/next-society.de\/data-driven-innovation\/","name":"Data Driven Innovation - Stiftung N\u00e4chste Gesellschaft","isPartOf":{"@id":"https:\/\/next-society.de\/en\/#website"},"datePublished":"2021-01-19T10:15:15+00:00","dateModified":"2021-01-19T10:16:25+00:00","breadcrumb":{"@id":"https:\/\/next-society.de\/data-driven-innovation\/#breadcrumb"},"inLanguage":"en-GB","potentialAction":[{"@type":"ReadAction","target":["https:\/\/next-society.de\/data-driven-innovation\/"]}]},{"@type":"BreadcrumbList","@id":"https:\/\/next-society.de\/data-driven-innovation\/#breadcrumb","itemListElement":[{"@type":"ListItem","position":1,"name":"Startseite","item":"https:\/\/next-society.de\/en\/"},{"@type":"ListItem","position":2,"name":"Data Driven Innovation"}]},{"@type":"WebSite","@id":"https:\/\/next-society.de\/en\/#website","url":"https:\/\/next-society.de\/en\/","name":"Next Society Foundation","description":"Zukunft hat schon begonnen","potentialAction":[{"@type":"SearchAction","target":{"@type":"EntryPoint","urlTemplate":"https:\/\/next-society.de\/en\/?s={search_term_string}"},"query-input":{"@type":"PropertyValueSpecification","valueRequired":true,"valueName":"search_term_string"}}],"inLanguage":"en-GB"}]}},"_links":{"self":[{"href":"https:\/\/next-society.de\/en\/wp-json\/wp\/v2\/pages\/49","targetHints":{"allow":["GET"]}}],"collection":[{"href":"https:\/\/next-society.de\/en\/wp-json\/wp\/v2\/pages"}],"about":[{"href":"https:\/\/next-society.de\/en\/wp-json\/wp\/v2\/types\/page"}],"author":[{"embeddable":true,"href":"https:\/\/next-society.de\/en\/wp-json\/wp\/v2\/users\/1"}],"replies":[{"embeddable":true,"href":"https:\/\/next-society.de\/en\/wp-json\/wp\/v2\/comments?post=49"}],"version-history":[{"count":2,"href":"https:\/\/next-society.de\/en\/wp-json\/wp\/v2\/pages\/49\/revisions"}],"predecessor-version":[{"id":52,"href":"https:\/\/next-society.de\/en\/wp-json\/wp\/v2\/pages\/49\/revisions\/52"}],"wp:attachment":[{"href":"https:\/\/next-society.de\/en\/wp-json\/wp\/v2\/media?parent=49"}],"curies":[{"name":"wp","href":"https:\/\/api.w.org\/{rel}","templated":true}]}}