{"id":65,"date":"2021-01-19T10:29:09","date_gmt":"2021-01-19T10:29:09","guid":{"rendered":"https:\/\/next-society.de\/?page_id=65"},"modified":"2021-01-19T10:29:47","modified_gmt":"2021-01-19T10:29:47","slug":"impressum","status":"publish","type":"page","link":"https:\/\/next-society.de\/en\/impressum\/","title":{"rendered":"Imprint"},"content":{"rendered":"<p>[et_pb_section fb_built=&#8221;1&#8243; _builder_version=&#8221;4.6.5&#8243;][et_pb_row column_structure=&#8221;3_5,2_5&#8243; _builder_version=&#8221;4.6.5&#8243; custom_padding=&#8221;||4px|||&#8221;][et_pb_column type=&#8221;3_5&#8243; _builder_version=&#8221;4.6.5&#8243;][et_pb_text _builder_version=&#8221;4.7.7&#8243; text_font=&#8221;Playfair Display||||||||&#8221; header_font=&#8221;Special Elite||||||||&#8221;]<\/p>\n<h1>Imprint<\/h1>\n<p>[\/et_pb_text][\/et_pb_column][et_pb_column type=&#8221;2_5&#8243; _builder_version=&#8221;4.6.5&#8243;][\/et_pb_column][\/et_pb_row][et_pb_row _builder_version=&#8221;4.6.5&#8243;][et_pb_column type=&#8221;4_4&#8243; _builder_version=&#8221;4.6.5&#8243;][et_pb_text _builder_version=&#8221;4.7.7&#8243; text_font=&#8221;Special Elite||||||||&#8221; text_text_color=&#8221;#000000&#8243; text_font_size=&#8221;15px&#8221; text_line_height=&#8221;2em&#8221; header_font=&#8221;Special Elite||||||||&#8221; header_2_font=&#8221;Special Elite||||||||&#8221;]<\/p>\n<h1><span style=\"font-size: 26px;\">ANGABEN GEM\u00c4SS \u00a7 5 TM<\/span><\/h1>\n<p>\u00a0<span style=\"font-size: 15px;\">Stiftung Nachste Gesellschaft gGmbH<\/span><\/p>\n<p>Auerfeldstra\u00dfe 16, 81541 M\u00fcnchen<\/p>\n<p>Gesch\u00e4ftsf\u00fchrer &amp; Verantwortlicher: Bernhard Krusche<\/p>\n<p>&nbsp;<\/p>\n<h2>KONTAKT<\/h2>\n<p>Telefon: 0172 7370449<br \/> E-Mail:\u00a0<a href=\"mailto:info@next-society\">info@next-society.de<\/a><\/p>\n<p>&nbsp;<\/p>\n<h2>UMSATZSTEUER<\/h2>\n<p>Umsatzsteuer-Identifikationsnummer gem\u00e4\u00df \u00a727 a Umsatzsteuergesetz:<\/p>\n<p>&nbsp;<\/p>\n<h2>STREITSCHLICHTUNG<\/h2>\n<p>Die Europ\u00e4ische Kommission stellt eine Plattform zur Online-Streitbeilegung (OS) bereit:<span>\u00a0<\/span><a href=\"https:\/\/ec.europa.eu\/consumers\/odr\" target=\"_blank\" rel=\"noopener noreferrer\">https:\/\/ec.europa.eu\/consumers\/odr<\/a>.<br \/> Unsere E-Mail-Adresse finden Sie oben im Impressum.<\/p>\n<p>Wir sind nicht bereit oder verpflichtet, an Streitbeilegungsverfahren vor einer Verbraucherschlichtungsstelle teilzunehmen.<\/p>\n<h3>HAFTUNG F\u00dcR INHALTE<\/h3>\n<p>Als Diensteanbieter sind wir gem\u00e4\u00df \u00a7 7 Abs.1 TMG f\u00fcr eigene Inhalte auf diesen Seiten nach den allgemeinen Gesetzen verantwortlich. Nach \u00a7\u00a7 8 bis 10 TMG sind wir als Diensteanbieter jedoch nicht verpflichtet, \u00fcbermittelte oder gespeicherte fremde Informationen zu \u00fcberwachen oder nach Umst\u00e4nden zu forschen, die auf eine rechtswidrige T\u00e4tigkeit hinweisen.<\/p>\n<p>Verpflichtungen zur Entfernung oder Sperrung der Nutzung von Informationen nach den allgemeinen Gesetzen bleiben hiervon unber\u00fchrt. Eine diesbez\u00fcgliche Haftung ist jedoch erst ab dem Zeitpunkt der Kenntnis einer konkreten Rechtsverletzung m\u00f6glich. Bei Bekanntwerden von entsprechenden Rechtsverletzungen werden wir diese Inhalte umgehend entfernen.<\/p>\n<h3>HAFTUNG F\u00dcR LINKS<\/h3>\n<p>Unser Angebot enth\u00e4lt Links zu externen Websites Dritter, auf deren Inhalte wir keinen Einfluss haben. Deshalb k\u00f6nnen wir f\u00fcr diese fremden Inhalte auch keine Gew\u00e4hr \u00fcbernehmen. F\u00fcr die Inhalte der verlinkten Seiten ist stets der jeweilige Anbieter oder Betreiber der Seiten verantwortlich. Die verlinkten Seiten wurden zum Zeitpunkt der Verlinkung auf m\u00f6gliche Rechtsverst\u00f6\u00dfe \u00fcberpr\u00fcft. Rechtswidrige Inhalte waren zum Zeitpunkt der Verlinkung nicht erkennbar.<\/p>\n<p>Eine permanente inhaltliche Kontrolle der verlinkten Seiten ist jedoch ohne konkrete Anhaltspunkte einer Rechtsverletzung nicht zumutbar. Bei Bekanntwerden von Rechtsverletzungen werden wir derartige Links umgehend entfernen.<\/p>\n<h3>URHEBERRECHT<\/h3>\n<p>Die durch die Seitenbetreiber erstellten Inhalte und Werke auf diesen Seiten unterliegen dem deutschen Urheberrecht. Die Vervielf\u00e4ltigung, Bearbeitung, Verbreitung und jede Art der Verwertung au\u00dferhalb der Grenzen des Urheberrechtes bed\u00fcrfen der schriftlichen Zustimmung des jeweiligen Autors bzw. Erstellers. Downloads und Kopien dieser Seite sind nur f\u00fcr den privaten, nicht kommerziellen Gebrauch gestattet.<\/p>\n<p>Soweit die Inhalte auf dieser Seite nicht vom Betreiber erstellt wurden, werden die Urheberrechte Dritter beachtet. Insbesondere werden Inhalte Dritter als solche gekennzeichnet. Sollten Sie trotzdem auf eine Urheberrechtsverletzung aufmerksam werden, bitten wir um einen entsprechenden Hinweis. Bei Bekanntwerden von Rechtsverletzungen werden wir derartige Inhalte umgehend entfernen.<\/p>\n<p>[\/et_pb_text][\/et_pb_column][\/et_pb_row][\/et_pb_section]<\/p>","protected":false},"excerpt":{"rendered":"<p>ImpressumANGABEN GEM\u00c4SS \u00a7 5 TM \u00a0Stiftung Nachste Gesellschaft gGmbH Auerfeldstra\u00dfe 16, 81541 M\u00fcnchen Gesch\u00e4ftsf\u00fchrer &amp; Verantwortlicher: Bernhard Krusche &nbsp; KONTAKT Telefon: 0172 7370449 E-Mail:\u00a0info@next-society.de &nbsp; UMSATZSTEUER Umsatzsteuer-Identifikationsnummer gem\u00e4\u00df \u00a727 a Umsatzsteuergesetz: &nbsp; STREITSCHLICHTUNG Die Europ\u00e4ische Kommission stellt eine Plattform zur Online-Streitbeilegung (OS) bereit:\u00a0https:\/\/ec.europa.eu\/consumers\/odr. Unsere E-Mail-Adresse finden Sie oben im Impressum. Wir sind nicht bereit oder [&hellip;]<\/p>","protected":false},"author":1,"featured_media":0,"parent":0,"menu_order":0,"comment_status":"closed","ping_status":"closed","template":"","meta":{"_et_pb_use_builder":"on","_et_pb_old_content":"","_et_gb_content_width":"","footnotes":""},"class_list":["post-65","page","type-page","status-publish","hentry"],"yoast_head":"<!-- This site is optimized with the Yoast SEO plugin v22.9 - https:\/\/yoast.com\/wordpress\/plugins\/seo\/ -->\n<title>Impressum - Stiftung N\u00e4chste Gesellschaft<\/title>\n<meta name=\"robots\" content=\"index, follow, max-snippet:-1, max-image-preview:large, max-video-preview:-1\" \/>\n<link rel=\"canonical\" href=\"https:\/\/next-society.de\/en\/impressum\/\" \/>\n<meta property=\"og:locale\" content=\"en_GB\" \/>\n<meta property=\"og:type\" content=\"article\" \/>\n<meta property=\"og:title\" content=\"Impressum - Stiftung N\u00e4chste Gesellschaft\" \/>\n<meta property=\"og:description\" content=\"ImpressumANGABEN GEM\u00c4SS \u00a7 5 TM \u00a0Stiftung Nachste Gesellschaft gGmbH Auerfeldstra\u00dfe 16, 81541 M\u00fcnchen Gesch\u00e4ftsf\u00fchrer &amp; Verantwortlicher: Bernhard Krusche &nbsp; KONTAKT Telefon: 0172 7370449 E-Mail:\u00a0info@next-society.de &nbsp; UMSATZSTEUER Umsatzsteuer-Identifikationsnummer gem\u00e4\u00df \u00a727 a Umsatzsteuergesetz: &nbsp; STREITSCHLICHTUNG Die Europ\u00e4ische Kommission stellt eine Plattform zur Online-Streitbeilegung (OS) bereit:\u00a0https:\/\/ec.europa.eu\/consumers\/odr. Unsere E-Mail-Adresse finden Sie oben im Impressum. Wir sind nicht bereit oder [&hellip;]\" \/>\n<meta property=\"og:url\" content=\"https:\/\/next-society.de\/en\/impressum\/\" \/>\n<meta property=\"og:site_name\" content=\"Stiftung N\u00e4chste Gesellschaft\" \/>\n<meta property=\"article:modified_time\" content=\"2021-01-19T10:29:47+00:00\" \/>\n<meta name=\"twitter:card\" content=\"summary_large_image\" \/>\n<script type=\"application\/ld+json\" class=\"yoast-schema-graph\">{\"@context\":\"https:\/\/schema.org\",\"@graph\":[{\"@type\":\"WebPage\",\"@id\":\"https:\/\/next-society.de\/en\/impressum\/\",\"url\":\"https:\/\/next-society.de\/en\/impressum\/\",\"name\":\"Impressum - Stiftung N\u00e4chste Gesellschaft\",\"isPartOf\":{\"@id\":\"https:\/\/next-society.de\/en\/#website\"},\"datePublished\":\"2021-01-19T10:29:09+00:00\",\"dateModified\":\"2021-01-19T10:29:47+00:00\",\"breadcrumb\":{\"@id\":\"https:\/\/next-society.de\/en\/impressum\/#breadcrumb\"},\"inLanguage\":\"en-GB\",\"potentialAction\":[{\"@type\":\"ReadAction\",\"target\":[\"https:\/\/next-society.de\/en\/impressum\/\"]}]},{\"@type\":\"BreadcrumbList\",\"@id\":\"https:\/\/next-society.de\/en\/impressum\/#breadcrumb\",\"itemListElement\":[{\"@type\":\"ListItem\",\"position\":1,\"name\":\"Startseite\",\"item\":\"https:\/\/next-society.de\/en\/\"},{\"@type\":\"ListItem\",\"position\":2,\"name\":\"Impressum\"}]},{\"@type\":\"WebSite\",\"@id\":\"https:\/\/next-society.de\/en\/#website\",\"url\":\"https:\/\/next-society.de\/en\/\",\"name\":\"Stiftung N\u00e4chste Gesellschaft\",\"description\":\"Zukunft hat schon begonnen\",\"potentialAction\":[{\"@type\":\"SearchAction\",\"target\":{\"@type\":\"EntryPoint\",\"urlTemplate\":\"https:\/\/next-society.de\/en\/?s={search_term_string}\"},\"query-input\":\"required name=search_term_string\"}],\"inLanguage\":\"en-GB\"}]}<\/script>\n<!-- \/ Yoast SEO plugin. -->","yoast_head_json":{"title":"Impressum - Stiftung N\u00e4chste Gesellschaft","robots":{"index":"index","follow":"follow","max-snippet":"max-snippet:-1","max-image-preview":"max-image-preview:large","max-video-preview":"max-video-preview:-1"},"canonical":"https:\/\/next-society.de\/en\/impressum\/","og_locale":"en_GB","og_type":"article","og_title":"Impressum - Stiftung N\u00e4chste Gesellschaft","og_description":"ImpressumANGABEN GEM\u00c4SS \u00a7 5 TM \u00a0Stiftung Nachste Gesellschaft gGmbH Auerfeldstra\u00dfe 16, 81541 M\u00fcnchen Gesch\u00e4ftsf\u00fchrer &amp; Verantwortlicher: Bernhard Krusche &nbsp; KONTAKT Telefon: 0172 7370449 E-Mail:\u00a0info@next-society.de &nbsp; UMSATZSTEUER Umsatzsteuer-Identifikationsnummer gem\u00e4\u00df \u00a727 a Umsatzsteuergesetz: &nbsp; STREITSCHLICHTUNG Die Europ\u00e4ische Kommission stellt eine Plattform zur Online-Streitbeilegung (OS) bereit:\u00a0https:\/\/ec.europa.eu\/consumers\/odr. Unsere E-Mail-Adresse finden Sie oben im Impressum. Wir sind nicht bereit oder [&hellip;]","og_url":"https:\/\/next-society.de\/en\/impressum\/","og_site_name":"Stiftung N\u00e4chste Gesellschaft","article_modified_time":"2021-01-19T10:29:47+00:00","twitter_card":"summary_large_image","schema":{"@context":"https:\/\/schema.org","@graph":[{"@type":"WebPage","@id":"https:\/\/next-society.de\/en\/impressum\/","url":"https:\/\/next-society.de\/en\/impressum\/","name":"Impressum - Stiftung N\u00e4chste Gesellschaft","isPartOf":{"@id":"https:\/\/next-society.de\/en\/#website"},"datePublished":"2021-01-19T10:29:09+00:00","dateModified":"2021-01-19T10:29:47+00:00","breadcrumb":{"@id":"https:\/\/next-society.de\/en\/impressum\/#breadcrumb"},"inLanguage":"en-GB","potentialAction":[{"@type":"ReadAction","target":["https:\/\/next-society.de\/en\/impressum\/"]}]},{"@type":"BreadcrumbList","@id":"https:\/\/next-society.de\/en\/impressum\/#breadcrumb","itemListElement":[{"@type":"ListItem","position":1,"name":"Startseite","item":"https:\/\/next-society.de\/en\/"},{"@type":"ListItem","position":2,"name":"Impressum"}]},{"@type":"WebSite","@id":"https:\/\/next-society.de\/en\/#website","url":"https:\/\/next-society.de\/en\/","name":"Stiftung N\u00e4chste Gesellschaft","description":"Zukunft hat schon begonnen","potentialAction":[{"@type":"SearchAction","target":{"@type":"EntryPoint","urlTemplate":"https:\/\/next-society.de\/en\/?s={search_term_string}"},"query-input":"required name=search_term_string"}],"inLanguage":"en-GB"}]}},"_links":{"self":[{"href":"https:\/\/next-society.de\/en\/wp-json\/wp\/v2\/pages\/65","targetHints":{"allow":["GET"]}}],"collection":[{"href":"https:\/\/next-society.de\/en\/wp-json\/wp\/v2\/pages"}],"about":[{"href":"https:\/\/next-society.de\/en\/wp-json\/wp\/v2\/types\/page"}],"author":[{"embeddable":true,"href":"https:\/\/next-society.de\/en\/wp-json\/wp\/v2\/users\/1"}],"replies":[{"embeddable":true,"href":"https:\/\/next-society.de\/en\/wp-json\/wp\/v2\/comments?post=65"}],"version-history":[{"count":2,"href":"https:\/\/next-society.de\/en\/wp-json\/wp\/v2\/pages\/65\/revisions"}],"predecessor-version":[{"id":67,"href":"https:\/\/next-society.de\/en\/wp-json\/wp\/v2\/pages\/65\/revisions\/67"}],"wp:attachment":[{"href":"https:\/\/next-society.de\/en\/wp-json\/wp\/v2\/media?parent=65"}],"curies":[{"name":"wp","href":"https:\/\/api.w.org\/{rel}","templated":true}]}}